{"id":5490,"date":"2026-02-05T10:26:28","date_gmt":"2026-02-05T09:26:28","guid":{"rendered":"https:\/\/drurban.hr\/?page_id=5490"},"modified":"2026-02-09T15:41:37","modified_gmt":"2026-02-09T14:41:37","slug":"politika-kolacica","status":"publish","type":"page","link":"https:\/\/drurban.hr\/en\/politika-kolacica\/","title":{"rendered":"Cookie Policy"},"content":{"rendered":"<div data-elementor-type=\"wp-page\" data-elementor-id=\"5490\" class=\"elementor elementor-5490\" data-elementor-post-type=\"page\">\n\t\t\t\t<div class=\"elementor-element elementor-element-61e4a47 e-flex e-con-boxed e-con e-parent\" data-id=\"61e4a47\" data-element_type=\"container\" data-e-type=\"container\">\n\t\t\t\t\t<div class=\"e-con-inner\">\n\t\t\t\t<div class=\"elementor-element elementor-element-6ef3d2d elementor-widget elementor-widget-heading\" data-id=\"6ef3d2d\" data-element_type=\"widget\" data-e-type=\"widget\" data-widget_type=\"heading.default\">\n\t\t\t\t\t<h2 class=\"elementor-heading-title elementor-size-default\">Politika kola\u010di\u0107a (Cookies)<\/h2>\t\t\t\t<\/div>\n\t\t\t\t<div class=\"elementor-element elementor-element-4fb8c88 elementor-widget elementor-widget-text-editor\" data-id=\"4fb8c88\" data-element_type=\"widget\" data-e-type=\"widget\" data-widget_type=\"text-editor.default\">\n\t\t\t\t\t\t\t\t\t<h3 align=\"left\">\u0160to su kola\u010di\u0107i<\/h3><p align=\"left\">Kola\u010di\u0107i su male tekstualne datoteke koje se pohranjuju na va\u0161 ure\u0111aj radi pravilnog funkcioniranja web stranice.<\/p><p align=\"left\"><strong>Vrste kola\u010di\u0107a koje koristimo<\/strong><\/p><ul><li><strong>Nu\u017eni kola\u010di\u0107i<\/strong> \u2013 omogu\u0107uju rad web shopa<\/li><li><strong>Analiti\u010dki kola\u010di\u0107i<\/strong> \u2013 analiza posjeta (npr. Google Analytics)<\/li><li><strong>Marketin\u0161ki kola\u010di\u0107i<\/strong> \u2013 prikaz relevantnih oglasa<\/li><\/ul><h3 align=\"left\">\u00a0<\/h3><h3 align=\"left\">Upravljanje kola\u010di\u0107ima<\/h3><p align=\"left\">Prilikom prvog posjeta korisnik ima mogu\u0107nost:<\/p><ul><li><p align=\"left\">prihvatiti sve kola\u010di\u0107e<\/p><\/li><\/ul><ul><li><p align=\"left\">odbiti analiti\u010dke i marketin\u0161ke kola\u010di\u0107e<\/p><\/li><\/ul><ul><li><p align=\"left\">prilagoditi postavke<\/p><\/li><\/ul><p align=\"left\">Privola se mo\u017ee povu\u0107i u bilo kojem trenutku.<\/p>\t\t\t\t\t\t\t\t<\/div>\n\t\t\t\t\t<\/div>\n\t\t\t\t<\/div>\n\t\t\t\t<\/div>","protected":false},"excerpt":{"rendered":"<p>Politika kola\u010di\u0107a (Cookies) \u0160to su kola\u010di\u0107i Kola\u010di\u0107i su male tekstualne datoteke koje se pohranjuju na va\u0161 ure\u0111aj radi pravilnog funkcioniranja web stranice. Vrste kola\u010di\u0107a koje koristimo Nu\u017eni kola\u010di\u0107i \u2013 omogu\u0107uju rad web shopa Analiti\u010dki kola\u010di\u0107i \u2013 analiza posjeta (npr. Google Analytics) Marketin\u0161ki kola\u010di\u0107i \u2013 prikaz relevantnih oglasa \u00a0 Upravljanje kola\u010di\u0107ima Prilikom prvog posjeta korisnik ima [&hellip;]<\/p>\n","protected":false},"author":1,"featured_media":0,"parent":0,"menu_order":0,"comment_status":"closed","ping_status":"closed","template":"","meta":{"footnotes":""},"class_list":["post-5490","page","type-page","status-publish","hentry"],"yoast_head":"<!-- This site is optimized with the Yoast SEO plugin v27.3 - https:\/\/yoast.com\/product\/yoast-seo-wordpress\/ -->\n<title>Politika kola\u010di\u0107a - DR Urban - Tamo gdje stil postaje navika<\/title>\n<meta name=\"robots\" content=\"index, follow, max-snippet:-1, max-image-preview:large, max-video-preview:-1\" \/>\n<link rel=\"canonical\" href=\"https:\/\/drurban.hr\/en\/politika-kolacica\/\" \/>\n<meta property=\"og:locale\" content=\"en_GB\" \/>\n<meta property=\"og:type\" content=\"article\" \/>\n<meta property=\"og:title\" content=\"Politika kola\u010di\u0107a - DR Urban - Tamo gdje stil postaje navika\" \/>\n<meta property=\"og:description\" content=\"Politika kola\u010di\u0107a (Cookies) \u0160to su kola\u010di\u0107i Kola\u010di\u0107i su male tekstualne datoteke koje se pohranjuju na va\u0161 ure\u0111aj radi pravilnog funkcioniranja web stranice. Vrste kola\u010di\u0107a koje koristimo Nu\u017eni kola\u010di\u0107i \u2013 omogu\u0107uju rad web shopa Analiti\u010dki kola\u010di\u0107i \u2013 analiza posjeta (npr. Google Analytics) Marketin\u0161ki kola\u010di\u0107i \u2013 prikaz relevantnih oglasa \u00a0 Upravljanje kola\u010di\u0107ima Prilikom prvog posjeta korisnik ima [&hellip;]\" \/>\n<meta property=\"og:url\" content=\"https:\/\/drurban.hr\/en\/politika-kolacica\/\" \/>\n<meta property=\"og:site_name\" content=\"DR Urban - Tamo gdje stil postaje navika\" \/>\n<meta property=\"article:modified_time\" content=\"2026-02-09T14:41:37+00:00\" \/>\n<meta name=\"twitter:card\" content=\"summary_large_image\" \/>\n<script type=\"application\/ld+json\" class=\"yoast-schema-graph\">{\"@context\":\"https:\\\/\\\/schema.org\",\"@graph\":[{\"@type\":\"WebPage\",\"@id\":\"https:\\\/\\\/drurban.hr\\\/politika-kolacica\\\/\",\"url\":\"https:\\\/\\\/drurban.hr\\\/politika-kolacica\\\/\",\"name\":\"Politika kola\u010di\u0107a - DR Urban - Tamo gdje stil postaje navika\",\"isPartOf\":{\"@id\":\"https:\\\/\\\/drurban.hr\\\/#website\"},\"datePublished\":\"2026-02-05T09:26:28+00:00\",\"dateModified\":\"2026-02-09T14:41:37+00:00\",\"breadcrumb\":{\"@id\":\"https:\\\/\\\/drurban.hr\\\/politika-kolacica\\\/#breadcrumb\"},\"inLanguage\":\"en-GB\",\"potentialAction\":[{\"@type\":\"ReadAction\",\"target\":[\"https:\\\/\\\/drurban.hr\\\/politika-kolacica\\\/\"]}]},{\"@type\":\"BreadcrumbList\",\"@id\":\"https:\\\/\\\/drurban.hr\\\/politika-kolacica\\\/#breadcrumb\",\"itemListElement\":[{\"@type\":\"ListItem\",\"position\":1,\"name\":\"Home\",\"item\":\"https:\\\/\\\/drurban.hr\\\/\"},{\"@type\":\"ListItem\",\"position\":2,\"name\":\"Politika kola\u010di\u0107a\"}]},{\"@type\":\"WebSite\",\"@id\":\"https:\\\/\\\/drurban.hr\\\/#website\",\"url\":\"https:\\\/\\\/drurban.hr\\\/\",\"name\":\"DR Urban - Tamo gdje stil postaje navika\",\"description\":\"It\u2019s Not Just Smoke. It\u2019s Culture\",\"publisher\":{\"@id\":\"https:\\\/\\\/drurban.hr\\\/#organization\"},\"alternateName\":\"DR Urban\",\"potentialAction\":[{\"@type\":\"SearchAction\",\"target\":{\"@type\":\"EntryPoint\",\"urlTemplate\":\"https:\\\/\\\/drurban.hr\\\/?s={search_term_string}\"},\"query-input\":{\"@type\":\"PropertyValueSpecification\",\"valueRequired\":true,\"valueName\":\"search_term_string\"}}],\"inLanguage\":\"en-GB\"},{\"@type\":\"Organization\",\"@id\":\"https:\\\/\\\/drurban.hr\\\/#organization\",\"name\":\"Tobacco\",\"url\":\"https:\\\/\\\/drurban.hr\\\/\",\"logo\":{\"@type\":\"ImageObject\",\"inLanguage\":\"en-GB\",\"@id\":\"https:\\\/\\\/drurban.hr\\\/#\\\/schema\\\/logo\\\/image\\\/\",\"url\":\"https:\\\/\\\/drurban.hr\\\/wp-content\\\/uploads\\\/2025\\\/10\\\/DR-URBAN-logo.svg\",\"contentUrl\":\"https:\\\/\\\/drurban.hr\\\/wp-content\\\/uploads\\\/2025\\\/10\\\/DR-URBAN-logo.svg\",\"width\":100,\"height\":100,\"caption\":\"Tobacco\"},\"image\":{\"@id\":\"https:\\\/\\\/drurban.hr\\\/#\\\/schema\\\/logo\\\/image\\\/\"}}]}<\/script>\n<!-- \/ Yoast SEO plugin. -->","yoast_head_json":{"title":"Politika kola\u010di\u0107a - DR Urban - Tamo gdje stil postaje navika","robots":{"index":"index","follow":"follow","max-snippet":"max-snippet:-1","max-image-preview":"max-image-preview:large","max-video-preview":"max-video-preview:-1"},"canonical":"https:\/\/drurban.hr\/en\/politika-kolacica\/","og_locale":"en_GB","og_type":"article","og_title":"Politika kola\u010di\u0107a - DR Urban - Tamo gdje stil postaje navika","og_description":"Politika kola\u010di\u0107a (Cookies) \u0160to su kola\u010di\u0107i Kola\u010di\u0107i su male tekstualne datoteke koje se pohranjuju na va\u0161 ure\u0111aj radi pravilnog funkcioniranja web stranice. Vrste kola\u010di\u0107a koje koristimo Nu\u017eni kola\u010di\u0107i \u2013 omogu\u0107uju rad web shopa Analiti\u010dki kola\u010di\u0107i \u2013 analiza posjeta (npr. Google Analytics) Marketin\u0161ki kola\u010di\u0107i \u2013 prikaz relevantnih oglasa \u00a0 Upravljanje kola\u010di\u0107ima Prilikom prvog posjeta korisnik ima [&hellip;]","og_url":"https:\/\/drurban.hr\/en\/politika-kolacica\/","og_site_name":"DR Urban - Tamo gdje stil postaje navika","article_modified_time":"2026-02-09T14:41:37+00:00","twitter_card":"summary_large_image","schema":{"@context":"https:\/\/schema.org","@graph":[{"@type":"WebPage","@id":"https:\/\/drurban.hr\/politika-kolacica\/","url":"https:\/\/drurban.hr\/politika-kolacica\/","name":"Politika kola\u010di\u0107a - DR Urban - Tamo gdje stil postaje navika","isPartOf":{"@id":"https:\/\/drurban.hr\/#website"},"datePublished":"2026-02-05T09:26:28+00:00","dateModified":"2026-02-09T14:41:37+00:00","breadcrumb":{"@id":"https:\/\/drurban.hr\/politika-kolacica\/#breadcrumb"},"inLanguage":"en-GB","potentialAction":[{"@type":"ReadAction","target":["https:\/\/drurban.hr\/politika-kolacica\/"]}]},{"@type":"BreadcrumbList","@id":"https:\/\/drurban.hr\/politika-kolacica\/#breadcrumb","itemListElement":[{"@type":"ListItem","position":1,"name":"Home","item":"https:\/\/drurban.hr\/"},{"@type":"ListItem","position":2,"name":"Politika kola\u010di\u0107a"}]},{"@type":"WebSite","@id":"https:\/\/drurban.hr\/#website","url":"https:\/\/drurban.hr\/","name":"DR Urban - Tamo gdje stil postaje navika","description":"It\u2019s Not Just Smoke. It\u2019s Culture","publisher":{"@id":"https:\/\/drurban.hr\/#organization"},"alternateName":"DR Urban","potentialAction":[{"@type":"SearchAction","target":{"@type":"EntryPoint","urlTemplate":"https:\/\/drurban.hr\/?s={search_term_string}"},"query-input":{"@type":"PropertyValueSpecification","valueRequired":true,"valueName":"search_term_string"}}],"inLanguage":"en-GB"},{"@type":"Organization","@id":"https:\/\/drurban.hr\/#organization","name":"Tobacco","url":"https:\/\/drurban.hr\/","logo":{"@type":"ImageObject","inLanguage":"en-GB","@id":"https:\/\/drurban.hr\/#\/schema\/logo\/image\/","url":"https:\/\/drurban.hr\/wp-content\/uploads\/2025\/10\/DR-URBAN-logo.svg","contentUrl":"https:\/\/drurban.hr\/wp-content\/uploads\/2025\/10\/DR-URBAN-logo.svg","width":100,"height":100,"caption":"Tobacco"},"image":{"@id":"https:\/\/drurban.hr\/#\/schema\/logo\/image\/"}}]}},"_links":{"self":[{"href":"https:\/\/drurban.hr\/en\/wp-json\/wp\/v2\/pages\/5490","targetHints":{"allow":["GET"]}}],"collection":[{"href":"https:\/\/drurban.hr\/en\/wp-json\/wp\/v2\/pages"}],"about":[{"href":"https:\/\/drurban.hr\/en\/wp-json\/wp\/v2\/types\/page"}],"author":[{"embeddable":true,"href":"https:\/\/drurban.hr\/en\/wp-json\/wp\/v2\/users\/1"}],"replies":[{"embeddable":true,"href":"https:\/\/drurban.hr\/en\/wp-json\/wp\/v2\/comments?post=5490"}],"version-history":[{"count":0,"href":"https:\/\/drurban.hr\/en\/wp-json\/wp\/v2\/pages\/5490\/revisions"}],"wp:attachment":[{"href":"https:\/\/drurban.hr\/en\/wp-json\/wp\/v2\/media?parent=5490"}],"curies":[{"name":"wp","href":"https:\/\/api.w.org\/{rel}","templated":true}]}}