{"id":5465,"date":"2026-02-05T09:54:20","date_gmt":"2026-02-05T08:54:20","guid":{"rendered":"https:\/\/drurban.hr\/?page_id=5465"},"modified":"2026-02-24T17:31:48","modified_gmt":"2026-02-24T16:31:48","slug":"uvjeti-koristenja","status":"publish","type":"page","link":"https:\/\/drurban.hr\/en\/uvjeti-koristenja\/","title":{"rendered":"Terms of Use"},"content":{"rendered":"<div data-elementor-type=\"wp-page\" data-elementor-id=\"5465\" class=\"elementor elementor-5465\" data-elementor-post-type=\"page\">\n\t\t\t\t<div class=\"elementor-element elementor-element-ff9d0d2 e-flex e-con-boxed e-con e-parent\" data-id=\"ff9d0d2\" data-element_type=\"container\" data-e-type=\"container\">\n\t\t\t\t\t<div class=\"e-con-inner\">\n\t\t\t\t<div class=\"elementor-element elementor-element-2c01c88 elementor-widget elementor-widget-heading\" data-id=\"2c01c88\" data-element_type=\"widget\" data-e-type=\"widget\" data-widget_type=\"heading.default\">\n\t\t\t\t\t<h2 class=\"elementor-heading-title elementor-size-default\">Terms of Use<\/h2>\t\t\t\t<\/div>\n\t\t\t\t<div class=\"elementor-element elementor-element-6d397c1 elementor-widget elementor-widget-text-editor\" data-id=\"6d397c1\" data-element_type=\"widget\" data-e-type=\"widget\" data-widget_type=\"text-editor.default\">\n\t\t\t\t\t\t\t\t\t<h3 align=\"left\">1. General Provisions<\/h3><p align=\"left\">These Terms of Use govern the relationship between the merchant Ritden Urban d.o.o. (hereinafter: the Merchant) and the customer in relation to the purchase of products via the web shop.<\/p><p align=\"left\">By using the web shop and confirming an order, the customer confirms that they are familiar with these Terms and fully accept them.<\/p><h3 align=\"left\">\u00a0<\/h3><h3 align=\"left\">2. Products<\/h3><p align=\"left\">The web shop offers flowers and flower pollen of industrial hemp with a THC content of less than 0.2%, which are sold as aromatic products and souvenirs. The products are not intended for consumption. Any further processing of the products is not permitted if it would result in a product that is not in compliance with applicable national legislation. All product quantities are expressed in grams.<\/p><h3 align=\"left\">\u00a0<\/h3><h3 align=\"left\">3. Purchase and Contract Conclusion<\/h3><p align=\"left\">A sales contract is concluded at the moment the customer confirms the order and receives an order confirmation via email.<\/p><p align=\"left\">All prices are expressed in euros (EUR) and include VAT, unless otherwise stated.<\/p><h3 align=\"left\">\u00a0<\/h3><h3 align=\"left\">4. Payment Methods<\/h3><p align=\"left\">The customer may make payment via:<\/p><ul><li>cash on delivery upon receipt of the shipment<\/li><li>cash on delivery upon receipt of the shipment<br \/>DR Urban uses CorvusPay for online payments.<br \/>DR Urban accepts the following credit\/debit cards:<\/li><\/ul>\t\t\t\t\t\t\t\t<\/div>\n\t\t<div class=\"elementor-element elementor-element-044a5d9 e-con-full e-flex e-con e-child\" data-id=\"044a5d9\" data-element_type=\"container\" data-e-type=\"container\">\n\t\t\t\t<div class=\"elementor-element elementor-element-2894a68 elementor-widget elementor-widget-image\" data-id=\"2894a68\" data-element_type=\"widget\" data-e-type=\"widget\" data-widget_type=\"image.default\">\n\t\t\t\t\t\t\t\t\t\t\t\t\t\t\t<img decoding=\"async\" width=\"216\" height=\"70\" src=\"https:\/\/drurban.hr\/wp-content\/uploads\/2025\/10\/vbm_wht01.png\" class=\"attachment-full size-full wp-image-5760\" alt=\"\" \/>\t\t\t\t\t\t\t\t\t\t\t\t\t\t\t<\/div>\n\t\t\t\t<div class=\"elementor-element elementor-element-fb72a1d elementor-widget elementor-widget-image\" data-id=\"fb72a1d\" data-element_type=\"widget\" data-e-type=\"widget\" data-widget_type=\"image.default\">\n\t\t\t\t\t\t\t\t\t\t\t\t\t\t\t<img decoding=\"async\" width=\"138\" height=\"149\" src=\"https:\/\/drurban.hr\/wp-content\/uploads\/2026\/02\/v-pay.webp\" class=\"attachment-full size-full wp-image-5785\" alt=\"\" \/>\t\t\t\t\t\t\t\t\t\t\t\t\t\t\t<\/div>\n\t\t\t\t<div class=\"elementor-element elementor-element-70eac86 elementor-widget elementor-widget-image\" data-id=\"70eac86\" data-element_type=\"widget\" data-e-type=\"widget\" data-widget_type=\"image.default\">\n\t\t\t\t\t\t\t\t\t\t\t\t\t\t\t<img decoding=\"async\" width=\"90\" height=\"74\" src=\"https:\/\/drurban.hr\/wp-content\/uploads\/2025\/10\/ms_vrt_opt_rev_45_2x.png\" class=\"attachment-full size-full wp-image-5758\" alt=\"\" \/>\t\t\t\t\t\t\t\t\t\t\t\t\t\t\t<\/div>\n\t\t\t\t<div class=\"elementor-element elementor-element-5f03d7e elementor-widget elementor-widget-image\" data-id=\"5f03d7e\" data-element_type=\"widget\" data-e-type=\"widget\" data-widget_type=\"image.default\">\n\t\t\t\t\t\t\t\t\t\t\t\t\t\t\t<img loading=\"lazy\" decoding=\"async\" width=\"136\" height=\"97\" src=\"https:\/\/drurban.hr\/wp-content\/uploads\/2025\/10\/ma_symbol_opt_45_3x.png\" class=\"attachment-full size-full wp-image-5756\" alt=\"\" \/>\t\t\t\t\t\t\t\t\t\t\t\t\t\t\t<\/div>\n\t\t\t\t<\/div>\n\t\t\t\t<div class=\"elementor-element elementor-element-b5fbc2d elementor-widget elementor-widget-text-editor\" data-id=\"b5fbc2d\" data-element_type=\"widget\" data-e-type=\"widget\" data-widget_type=\"text-editor.default\">\n\t\t\t\t\t\t\t\t\t<h3>Online Payment Security<\/h3><p>When making payments on our web shop, you use <strong>CorvusPay<\/strong> \u2013 napredni sustav za siguran prihvat platnih kartica putem interneta.<\/p><p><strong>CorvusPay<\/strong> sustav osigurava potpunu tajnost Va\u0161ih karti\u010dnih i osobnih podataka ve\u0107 od trenutka kada ih upi\u0161ete u <strong>CorvusPay<\/strong> platni formular. Platni podaci proslje\u0111uju se \u0161ifrirano od Va\u0161eg web preglednika do banke koja je izdala Va\u0161u karticu. Na\u0161a trgovina nikada ne dolazi u kontakt s cjelovitim podacima o Va\u0161oj platnoj kartici. Tako\u0111er, podaci su nedostupni \u010dak i djelatnicima <strong>CorvusPay<\/strong> sustava. Izolirana jezgra samostalno prenosi i upravlja osjetljivim podacima, \u010duvaju\u0107i ih pri tom potpuno sigurnima.<\/p><p>The payment form is secured using SSL encryption of the highest reliability. All stored data is additionally protected through encryption using a cryptographic device certified according to the<strong> FIPS 140-2 Level 3 standard<\/strong>. <strong>CorvusPay<\/strong> complies with all security requirements prescribed by leading card brands and operates in accordance with the <strong>PCI DSS Level 1 standard<\/strong> \u2013 the highest security standard in the payment card industry. When paying with cards included in the <strong>3-D Secure program<\/strong> your bank, in addition to validating the card itself, also verifies your identity using a token or password.<\/p><p><strong>Corvus Pay<\/strong> treats all collected information as confidential and handles it accordingly. The information is used exclusively for the purposes for which it is intended. Your sensitive data is fully secure, and your privacy is guaranteed by the most advanced protection mechanisms. Only the data necessary to perform transactions is collected, in accordance with strict procedures for online payments.<\/p><p>Security controls and operational procedures applied to our infrastructure ensure the immediate reliability of the <strong>CorvusPay<\/strong> system. In addition, strict access control, regular security monitoring, in-depth checks to prevent network vulnerabilities, and the planned implementation of information security measures continuously maintain and improve the level of system security, ensuring the protection of your card data.<\/p><p>Thank you for using <strong>CorvusPay!<\/strong><\/p><h3 align=\"left\">\u00a0<\/h3><h3 align=\"left\">5. Delivery<\/h3><p align=\"left\">Delivery is carried out within the territory of the Republic of Croatia via:<\/p><ul><li>GLS delivery service<\/li><li>Estimated delivery time:<br \/>2\u20135 working days<\/li><\/ul><p align=\"left\">Delivery costs are clearly indicated before order confirmation.<\/p><h3 align=\"left\">\u00a0<\/h3><h3 align=\"left\">6. Right of Withdrawal<\/h3><p align=\"left\">The customer has the right to withdraw from the contract, without stating a reason, within 14 days from the date of receiving the product.<\/p><p align=\"left\"><strong>Exception (IMPORTANT):<\/strong><\/p><p align=\"left\">Due to the nature of the products (food products):<\/p><ul><li><p align=\"left\">returns are not possible if the product has been opened<\/p><\/li><\/ul><ul><li><p align=\"left\">returns are not possible if the original or hygienic packaging has been compromised<\/p><\/li><\/ul><p align=\"left\">The customer is obliged to return the product undamaged and unused.<\/p><h3 align=\"left\">\u00a0<\/h3><h3 align=\"left\">7. Refunds<\/h3><p align=\"left\">The consumer has the right to withdraw from the contract within 14 days of receiving the product, without stating a reason. A withdrawal request may be sent by email to info@drurban.hr\n or by post to the seller\u2019s address.<\/p><p align=\"left\">A refund, including standard delivery costs, will be issued no later than 14 days from receipt of the withdrawal notice. However, the refund may be delayed until the goods are returned or proof of return is provided. The product must be returned in its original packaging, with all accompanying equipment, to the following address:\nTobacco &amp; Gift Shop DR Urban\nMarina Tartaglie 33\n10000 Zagreb\nThe customer bears the cost of returning the goods.<\/p><p align=\"left\">The right of withdrawal does not apply to personalised products, sealed products once unsealed, or products with a short shelf life.<\/p><h3 align=\"left\">\u00a0<\/h3><h3 align=\"left\">8. Complaints<\/h3><p align=\"left\">The customer has the right to submit a written complaint via email:<\/p><p align=\"left\">\u00a0<a href=\"mailto:info@drurban.hr\"><span style=\"color: #1155cc;\"><u>info@drurban.hr<\/u><\/span><\/a><\/p><p align=\"left\">The Merchant undertakes to respond within 15 days.<\/p><h3 align=\"left\">\u00a0<\/h3><h3 align=\"left\">9. Liability<\/h3><p align=\"left\">The seller shall be liable without limitation for intentional or gross breaches of contractual obligations. In the case of purchases within a business activity, the customer bears the burden of proving negligence. In cases of minor negligence, the customer is not entitled to compensation, except in the case of a breach of essential contractual obligations and, in consumer purchases, damage to products purchased for further processing.\n\nThe customer\u2019s statutory rights remain unaffected.<\/p><h3 align=\"left\">\u00a0<\/h3><h3 align=\"left\">10. Dispute Resolution<\/h3><p align=\"left\">In the event of a dispute, the court with jurisdiction according to the Merchant\u2019s registered office shall be competent.<\/p><p align=\"left\">The customer has the right to use the EU Online Dispute Resolution (ODR) platform.<\/p><h3 align=\"left\">\u00a0<\/h3><h3 align=\"left\">11. Final Provisions<\/h3><p align=\"left\">These Terms shall enter into force on the date of publication on the web shop.<\/p><p align=\"left\">The Merchant reserves the right to amend these Terms at any time.<\/p>\t\t\t\t\t\t\t\t<\/div>\n\t\t\t\t\t<\/div>\n\t\t\t\t<\/div>\n\t\t\t\t<\/div>","protected":false},"excerpt":{"rendered":"<p>Uvjeti kori\u0161tenja 1. Op\u0107e odredbe Ovim Uvjetima kori\u0161tenja ure\u0111uju se odnosi izme\u0111u trgovca Ritden Urban d.o.o. (u daljnjem tekstu: Trgovac) i kupca u vezi kupnje proizvoda putem web shopa. Kori\u0161tenjem web shopa i potvrdom narud\u017ebe kupac potvr\u0111uje da je upoznat s ovim Uvjetima te da ih u cijelosti prihva\u0107a. \u00a0 2. Proizvodi WEB shop u [&hellip;]<\/p>\n","protected":false},"author":1,"featured_media":0,"parent":0,"menu_order":0,"comment_status":"closed","ping_status":"closed","template":"","meta":{"footnotes":""},"class_list":["post-5465","page","type-page","status-publish","hentry"],"yoast_head":"<!-- This site is optimized with the Yoast SEO plugin v27.3 - https:\/\/yoast.com\/product\/yoast-seo-wordpress\/ -->\n<title>Uvjeti kori\u0161tenja - DR Urban - Tamo gdje stil postaje navika<\/title>\n<meta name=\"robots\" content=\"index, follow, max-snippet:-1, max-image-preview:large, max-video-preview:-1\" \/>\n<link rel=\"canonical\" href=\"https:\/\/drurban.hr\/en\/uvjeti-koristenja\/\" \/>\n<meta property=\"og:locale\" content=\"en_GB\" \/>\n<meta property=\"og:type\" content=\"article\" \/>\n<meta property=\"og:title\" content=\"Uvjeti kori\u0161tenja - DR Urban - Tamo gdje stil postaje navika\" \/>\n<meta property=\"og:description\" content=\"Uvjeti kori\u0161tenja 1. Op\u0107e odredbe Ovim Uvjetima kori\u0161tenja ure\u0111uju se odnosi izme\u0111u trgovca Ritden Urban d.o.o. (u daljnjem tekstu: Trgovac) i kupca u vezi kupnje proizvoda putem web shopa. Kori\u0161tenjem web shopa i potvrdom narud\u017ebe kupac potvr\u0111uje da je upoznat s ovim Uvjetima te da ih u cijelosti prihva\u0107a. \u00a0 2. Proizvodi WEB shop u [&hellip;]\" \/>\n<meta property=\"og:url\" content=\"https:\/\/drurban.hr\/en\/uvjeti-koristenja\/\" \/>\n<meta property=\"og:site_name\" content=\"DR Urban - Tamo gdje stil postaje navika\" \/>\n<meta property=\"article:modified_time\" content=\"2026-02-24T16:31:48+00:00\" \/>\n<meta property=\"og:image\" content=\"https:\/\/drurban.hr\/wp-content\/uploads\/2025\/10\/vbm_wht01.png\" \/>\n\t<meta property=\"og:image:width\" content=\"216\" \/>\n\t<meta property=\"og:image:height\" content=\"70\" \/>\n\t<meta property=\"og:image:type\" content=\"image\/png\" \/>\n<meta name=\"twitter:card\" content=\"summary_large_image\" \/>\n<meta name=\"twitter:label1\" content=\"Estimated reading time\" \/>\n\t<meta name=\"twitter:data1\" content=\"5 minutes\" \/>\n<script type=\"application\/ld+json\" class=\"yoast-schema-graph\">{\"@context\":\"https:\\\/\\\/schema.org\",\"@graph\":[{\"@type\":\"WebPage\",\"@id\":\"https:\\\/\\\/drurban.hr\\\/uvjeti-koristenja\\\/\",\"url\":\"https:\\\/\\\/drurban.hr\\\/uvjeti-koristenja\\\/\",\"name\":\"Uvjeti kori\u0161tenja - DR Urban - Tamo gdje stil postaje navika\",\"isPartOf\":{\"@id\":\"https:\\\/\\\/drurban.hr\\\/#website\"},\"primaryImageOfPage\":{\"@id\":\"https:\\\/\\\/drurban.hr\\\/uvjeti-koristenja\\\/#primaryimage\"},\"image\":{\"@id\":\"https:\\\/\\\/drurban.hr\\\/uvjeti-koristenja\\\/#primaryimage\"},\"thumbnailUrl\":\"https:\\\/\\\/drurban.hr\\\/wp-content\\\/uploads\\\/2025\\\/10\\\/vbm_wht01.png\",\"datePublished\":\"2026-02-05T08:54:20+00:00\",\"dateModified\":\"2026-02-24T16:31:48+00:00\",\"breadcrumb\":{\"@id\":\"https:\\\/\\\/drurban.hr\\\/uvjeti-koristenja\\\/#breadcrumb\"},\"inLanguage\":\"en-GB\",\"potentialAction\":[{\"@type\":\"ReadAction\",\"target\":[\"https:\\\/\\\/drurban.hr\\\/uvjeti-koristenja\\\/\"]}]},{\"@type\":\"ImageObject\",\"inLanguage\":\"en-GB\",\"@id\":\"https:\\\/\\\/drurban.hr\\\/uvjeti-koristenja\\\/#primaryimage\",\"url\":\"https:\\\/\\\/drurban.hr\\\/wp-content\\\/uploads\\\/2025\\\/10\\\/vbm_wht01.png\",\"contentUrl\":\"https:\\\/\\\/drurban.hr\\\/wp-content\\\/uploads\\\/2025\\\/10\\\/vbm_wht01.png\"},{\"@type\":\"BreadcrumbList\",\"@id\":\"https:\\\/\\\/drurban.hr\\\/uvjeti-koristenja\\\/#breadcrumb\",\"itemListElement\":[{\"@type\":\"ListItem\",\"position\":1,\"name\":\"Home\",\"item\":\"https:\\\/\\\/drurban.hr\\\/\"},{\"@type\":\"ListItem\",\"position\":2,\"name\":\"Uvjeti kori\u0161tenja\"}]},{\"@type\":\"WebSite\",\"@id\":\"https:\\\/\\\/drurban.hr\\\/#website\",\"url\":\"https:\\\/\\\/drurban.hr\\\/\",\"name\":\"DR Urban - Tamo gdje stil postaje navika\",\"description\":\"It\u2019s Not Just Smoke. It\u2019s Culture\",\"publisher\":{\"@id\":\"https:\\\/\\\/drurban.hr\\\/#organization\"},\"alternateName\":\"DR Urban\",\"potentialAction\":[{\"@type\":\"SearchAction\",\"target\":{\"@type\":\"EntryPoint\",\"urlTemplate\":\"https:\\\/\\\/drurban.hr\\\/?s={search_term_string}\"},\"query-input\":{\"@type\":\"PropertyValueSpecification\",\"valueRequired\":true,\"valueName\":\"search_term_string\"}}],\"inLanguage\":\"en-GB\"},{\"@type\":\"Organization\",\"@id\":\"https:\\\/\\\/drurban.hr\\\/#organization\",\"name\":\"Tobacco\",\"url\":\"https:\\\/\\\/drurban.hr\\\/\",\"logo\":{\"@type\":\"ImageObject\",\"inLanguage\":\"en-GB\",\"@id\":\"https:\\\/\\\/drurban.hr\\\/#\\\/schema\\\/logo\\\/image\\\/\",\"url\":\"https:\\\/\\\/drurban.hr\\\/wp-content\\\/uploads\\\/2025\\\/10\\\/DR-URBAN-logo.svg\",\"contentUrl\":\"https:\\\/\\\/drurban.hr\\\/wp-content\\\/uploads\\\/2025\\\/10\\\/DR-URBAN-logo.svg\",\"width\":100,\"height\":100,\"caption\":\"Tobacco\"},\"image\":{\"@id\":\"https:\\\/\\\/drurban.hr\\\/#\\\/schema\\\/logo\\\/image\\\/\"}}]}<\/script>\n<!-- \/ Yoast SEO plugin. -->","yoast_head_json":{"title":"Uvjeti kori\u0161tenja - DR Urban - Tamo gdje stil postaje navika","robots":{"index":"index","follow":"follow","max-snippet":"max-snippet:-1","max-image-preview":"max-image-preview:large","max-video-preview":"max-video-preview:-1"},"canonical":"https:\/\/drurban.hr\/en\/uvjeti-koristenja\/","og_locale":"en_GB","og_type":"article","og_title":"Uvjeti kori\u0161tenja - DR Urban - Tamo gdje stil postaje navika","og_description":"Uvjeti kori\u0161tenja 1. Op\u0107e odredbe Ovim Uvjetima kori\u0161tenja ure\u0111uju se odnosi izme\u0111u trgovca Ritden Urban d.o.o. (u daljnjem tekstu: Trgovac) i kupca u vezi kupnje proizvoda putem web shopa. Kori\u0161tenjem web shopa i potvrdom narud\u017ebe kupac potvr\u0111uje da je upoznat s ovim Uvjetima te da ih u cijelosti prihva\u0107a. \u00a0 2. Proizvodi WEB shop u [&hellip;]","og_url":"https:\/\/drurban.hr\/en\/uvjeti-koristenja\/","og_site_name":"DR Urban - Tamo gdje stil postaje navika","article_modified_time":"2026-02-24T16:31:48+00:00","og_image":[{"width":216,"height":70,"url":"https:\/\/drurban.hr\/wp-content\/uploads\/2025\/10\/vbm_wht01.png","type":"image\/png"}],"twitter_card":"summary_large_image","twitter_misc":{"Estimated reading time":"5 minutes"},"schema":{"@context":"https:\/\/schema.org","@graph":[{"@type":"WebPage","@id":"https:\/\/drurban.hr\/uvjeti-koristenja\/","url":"https:\/\/drurban.hr\/uvjeti-koristenja\/","name":"Uvjeti kori\u0161tenja - DR Urban - Tamo gdje stil postaje navika","isPartOf":{"@id":"https:\/\/drurban.hr\/#website"},"primaryImageOfPage":{"@id":"https:\/\/drurban.hr\/uvjeti-koristenja\/#primaryimage"},"image":{"@id":"https:\/\/drurban.hr\/uvjeti-koristenja\/#primaryimage"},"thumbnailUrl":"https:\/\/drurban.hr\/wp-content\/uploads\/2025\/10\/vbm_wht01.png","datePublished":"2026-02-05T08:54:20+00:00","dateModified":"2026-02-24T16:31:48+00:00","breadcrumb":{"@id":"https:\/\/drurban.hr\/uvjeti-koristenja\/#breadcrumb"},"inLanguage":"en-GB","potentialAction":[{"@type":"ReadAction","target":["https:\/\/drurban.hr\/uvjeti-koristenja\/"]}]},{"@type":"ImageObject","inLanguage":"en-GB","@id":"https:\/\/drurban.hr\/uvjeti-koristenja\/#primaryimage","url":"https:\/\/drurban.hr\/wp-content\/uploads\/2025\/10\/vbm_wht01.png","contentUrl":"https:\/\/drurban.hr\/wp-content\/uploads\/2025\/10\/vbm_wht01.png"},{"@type":"BreadcrumbList","@id":"https:\/\/drurban.hr\/uvjeti-koristenja\/#breadcrumb","itemListElement":[{"@type":"ListItem","position":1,"name":"Home","item":"https:\/\/drurban.hr\/"},{"@type":"ListItem","position":2,"name":"Uvjeti kori\u0161tenja"}]},{"@type":"WebSite","@id":"https:\/\/drurban.hr\/#website","url":"https:\/\/drurban.hr\/","name":"DR Urban - Tamo gdje stil postaje navika","description":"It\u2019s Not Just Smoke. It\u2019s Culture","publisher":{"@id":"https:\/\/drurban.hr\/#organization"},"alternateName":"DR Urban","potentialAction":[{"@type":"SearchAction","target":{"@type":"EntryPoint","urlTemplate":"https:\/\/drurban.hr\/?s={search_term_string}"},"query-input":{"@type":"PropertyValueSpecification","valueRequired":true,"valueName":"search_term_string"}}],"inLanguage":"en-GB"},{"@type":"Organization","@id":"https:\/\/drurban.hr\/#organization","name":"Tobacco","url":"https:\/\/drurban.hr\/","logo":{"@type":"ImageObject","inLanguage":"en-GB","@id":"https:\/\/drurban.hr\/#\/schema\/logo\/image\/","url":"https:\/\/drurban.hr\/wp-content\/uploads\/2025\/10\/DR-URBAN-logo.svg","contentUrl":"https:\/\/drurban.hr\/wp-content\/uploads\/2025\/10\/DR-URBAN-logo.svg","width":100,"height":100,"caption":"Tobacco"},"image":{"@id":"https:\/\/drurban.hr\/#\/schema\/logo\/image\/"}}]}},"_links":{"self":[{"href":"https:\/\/drurban.hr\/en\/wp-json\/wp\/v2\/pages\/5465","targetHints":{"allow":["GET"]}}],"collection":[{"href":"https:\/\/drurban.hr\/en\/wp-json\/wp\/v2\/pages"}],"about":[{"href":"https:\/\/drurban.hr\/en\/wp-json\/wp\/v2\/types\/page"}],"author":[{"embeddable":true,"href":"https:\/\/drurban.hr\/en\/wp-json\/wp\/v2\/users\/1"}],"replies":[{"embeddable":true,"href":"https:\/\/drurban.hr\/en\/wp-json\/wp\/v2\/comments?post=5465"}],"version-history":[{"count":0,"href":"https:\/\/drurban.hr\/en\/wp-json\/wp\/v2\/pages\/5465\/revisions"}],"wp:attachment":[{"href":"https:\/\/drurban.hr\/en\/wp-json\/wp\/v2\/media?parent=5465"}],"curies":[{"name":"wp","href":"https:\/\/api.w.org\/{rel}","templated":true}]}}