{"id":519,"date":"2025-11-01T18:26:05","date_gmt":"2025-11-01T18:26:05","guid":{"rendered":"https:\/\/drurban.hr\/cart\/"},"modified":"2026-02-10T22:36:43","modified_gmt":"2026-02-10T21:36:43","slug":"cart","status":"publish","type":"page","link":"https:\/\/drurban.hr\/en\/cart\/","title":{"rendered":"Cart"},"content":{"rendered":"<div data-elementor-type=\"wp-page\" data-elementor-id=\"519\" class=\"elementor elementor-519\" data-elementor-post-type=\"page\">\n\t\t\t\t<div class=\"elementor-element elementor-element-79f2714 e-flex e-con-boxed e-con e-parent\" data-id=\"79f2714\" data-element_type=\"container\" data-e-type=\"container\" data-settings=\"{&quot;background_background&quot;:&quot;classic&quot;}\">\n\t\t\t\t\t<div class=\"e-con-inner\">\n\t\t\t\t\t<\/div>\n\t\t\t\t<\/div>\n\t\t\t\t<\/div>","protected":false},"excerpt":{"rendered":"<p>Ukloni stavku Sli\u010dica Proizvod Cijena Koli\u010dina Ukupno &times; DR Urban Roll Box, papers 5m + filters + stash 2.49&nbsp;&euro; Quantity &#8211; 1 + 2.49&nbsp;&euro; A\u017euriraj ko\u0161aricu Ukupni iznosi u ko\u0161arici Ukupno 2.49&nbsp;&euro; Ukupno 2.49&nbsp;&euro; Nastavite na blagajnu<\/p>","protected":false},"author":1,"featured_media":0,"parent":0,"menu_order":0,"comment_status":"closed","ping_status":"closed","template":"elementor_header_footer","meta":{"footnotes":""},"class_list":["post-519","page","type-page","status-publish","hentry"],"yoast_head":"<!-- This site is optimized with the Yoast SEO plugin v27.4 - https:\/\/yoast.com\/product\/yoast-seo-wordpress\/ -->\n<title>Cart - DR Urban - Tamo gdje stil postaje navika<\/title>\n<meta name=\"robots\" content=\"index, follow, max-snippet:-1, max-image-preview:large, max-video-preview:-1\" \/>\n<link rel=\"canonical\" href=\"https:\/\/drurban.hr\/en\/cart\/\" \/>\n<meta property=\"og:locale\" content=\"en_GB\" \/>\n<meta property=\"og:type\" content=\"article\" \/>\n<meta property=\"og:title\" content=\"Cart - DR Urban - Tamo gdje stil postaje navika\" \/>\n<meta property=\"og:description\" content=\"Ukloni stavku Sli\u010dica Proizvod Cijena Koli\u010dina Ukupno &times; DR Urban Roll Box, papers 5m + filters + stash 2.49&nbsp;&euro; Quantity &#8211; 1 + 2.49&nbsp;&euro; A\u017euriraj ko\u0161aricu Ukupni iznosi u ko\u0161arici Ukupno 2.49&nbsp;&euro; Ukupno 2.49&nbsp;&euro; Nastavite na blagajnu\" \/>\n<meta property=\"og:url\" content=\"https:\/\/drurban.hr\/en\/cart\/\" \/>\n<meta property=\"og:site_name\" content=\"DR Urban - Tamo gdje stil postaje navika\" \/>\n<meta property=\"article:modified_time\" content=\"2026-02-10T21:36:43+00:00\" \/>\n<meta property=\"og:image\" content=\"https:\/\/drurban.hr\/wp-content\/uploads\/2025\/11\/ChatGPT-Image-17.-pro-2025.-22_52_55-300x450.webp\" \/>\n<meta name=\"twitter:card\" content=\"summary_large_image\" \/>\n<script type=\"application\/ld+json\" class=\"yoast-schema-graph\">{\"@context\":\"https:\\\/\\\/schema.org\",\"@graph\":[{\"@type\":\"WebPage\",\"@id\":\"https:\\\/\\\/drurban.hr\\\/cart\\\/\",\"url\":\"https:\\\/\\\/drurban.hr\\\/cart\\\/\",\"name\":\"Cart - DR Urban - Tamo gdje stil postaje navika\",\"isPartOf\":{\"@id\":\"https:\\\/\\\/drurban.hr\\\/#website\"},\"primaryImageOfPage\":{\"@id\":\"https:\\\/\\\/drurban.hr\\\/cart\\\/#primaryimage\"},\"image\":{\"@id\":\"https:\\\/\\\/drurban.hr\\\/cart\\\/#primaryimage\"},\"thumbnailUrl\":\"https:\\\/\\\/drurban.hr\\\/wp-content\\\/uploads\\\/2025\\\/11\\\/ChatGPT-Image-17.-pro-2025.-22_52_55-300x450.webp\",\"datePublished\":\"2025-11-01T18:26:05+00:00\",\"dateModified\":\"2026-02-10T21:36:43+00:00\",\"breadcrumb\":{\"@id\":\"https:\\\/\\\/drurban.hr\\\/cart\\\/#breadcrumb\"},\"inLanguage\":\"en-GB\",\"potentialAction\":[{\"@type\":\"ReadAction\",\"target\":[\"https:\\\/\\\/drurban.hr\\\/cart\\\/\"]}]},{\"@type\":\"ImageObject\",\"inLanguage\":\"en-GB\",\"@id\":\"https:\\\/\\\/drurban.hr\\\/cart\\\/#primaryimage\",\"url\":\"https:\\\/\\\/drurban.hr\\\/wp-content\\\/uploads\\\/2025\\\/11\\\/ChatGPT-Image-17.-pro-2025.-22_52_55-300x450.webp\",\"contentUrl\":\"https:\\\/\\\/drurban.hr\\\/wp-content\\\/uploads\\\/2025\\\/11\\\/ChatGPT-Image-17.-pro-2025.-22_52_55-300x450.webp\"},{\"@type\":\"BreadcrumbList\",\"@id\":\"https:\\\/\\\/drurban.hr\\\/cart\\\/#breadcrumb\",\"itemListElement\":[{\"@type\":\"ListItem\",\"position\":1,\"name\":\"Home\",\"item\":\"https:\\\/\\\/drurban.hr\\\/\"},{\"@type\":\"ListItem\",\"position\":2,\"name\":\"Cart\"}]},{\"@type\":\"WebSite\",\"@id\":\"https:\\\/\\\/drurban.hr\\\/#website\",\"url\":\"https:\\\/\\\/drurban.hr\\\/\",\"name\":\"DR Urban - Tamo gdje stil postaje navika\",\"description\":\"It\u2019s Not Just Smoke. It\u2019s Culture\",\"publisher\":{\"@id\":\"https:\\\/\\\/drurban.hr\\\/#organization\"},\"alternateName\":\"DR Urban\",\"potentialAction\":[{\"@type\":\"SearchAction\",\"target\":{\"@type\":\"EntryPoint\",\"urlTemplate\":\"https:\\\/\\\/drurban.hr\\\/?s={search_term_string}\"},\"query-input\":{\"@type\":\"PropertyValueSpecification\",\"valueRequired\":true,\"valueName\":\"search_term_string\"}}],\"inLanguage\":\"en-GB\"},{\"@type\":\"Organization\",\"@id\":\"https:\\\/\\\/drurban.hr\\\/#organization\",\"name\":\"Tobacco\",\"url\":\"https:\\\/\\\/drurban.hr\\\/\",\"logo\":{\"@type\":\"ImageObject\",\"inLanguage\":\"en-GB\",\"@id\":\"https:\\\/\\\/drurban.hr\\\/#\\\/schema\\\/logo\\\/image\\\/\",\"url\":\"https:\\\/\\\/drurban.hr\\\/wp-content\\\/uploads\\\/2025\\\/10\\\/DR-URBAN-logo.svg\",\"contentUrl\":\"https:\\\/\\\/drurban.hr\\\/wp-content\\\/uploads\\\/2025\\\/10\\\/DR-URBAN-logo.svg\",\"width\":100,\"height\":100,\"caption\":\"Tobacco\"},\"image\":{\"@id\":\"https:\\\/\\\/drurban.hr\\\/#\\\/schema\\\/logo\\\/image\\\/\"}}]}<\/script>\n<!-- \/ Yoast SEO plugin. -->","yoast_head_json":{"title":"Cart - DR Urban - Tamo gdje stil postaje navika","robots":{"index":"index","follow":"follow","max-snippet":"max-snippet:-1","max-image-preview":"max-image-preview:large","max-video-preview":"max-video-preview:-1"},"canonical":"https:\/\/drurban.hr\/en\/cart\/","og_locale":"en_GB","og_type":"article","og_title":"Cart - DR Urban - Tamo gdje stil postaje navika","og_description":"Ukloni stavku Sli\u010dica Proizvod Cijena Koli\u010dina Ukupno &times; DR Urban Roll Box, papers 5m + filters + stash 2.49&nbsp;&euro; Quantity &#8211; 1 + 2.49&nbsp;&euro; A\u017euriraj ko\u0161aricu Ukupni iznosi u ko\u0161arici Ukupno 2.49&nbsp;&euro; Ukupno 2.49&nbsp;&euro; Nastavite na blagajnu","og_url":"https:\/\/drurban.hr\/en\/cart\/","og_site_name":"DR Urban - Tamo gdje stil postaje navika","article_modified_time":"2026-02-10T21:36:43+00:00","og_image":[{"url":"https:\/\/drurban.hr\/wp-content\/uploads\/2025\/11\/ChatGPT-Image-17.-pro-2025.-22_52_55-300x450.webp","type":"","width":"","height":""}],"twitter_card":"summary_large_image","schema":{"@context":"https:\/\/schema.org","@graph":[{"@type":"WebPage","@id":"https:\/\/drurban.hr\/cart\/","url":"https:\/\/drurban.hr\/cart\/","name":"Cart - DR Urban - Tamo gdje stil postaje navika","isPartOf":{"@id":"https:\/\/drurban.hr\/#website"},"primaryImageOfPage":{"@id":"https:\/\/drurban.hr\/cart\/#primaryimage"},"image":{"@id":"https:\/\/drurban.hr\/cart\/#primaryimage"},"thumbnailUrl":"https:\/\/drurban.hr\/wp-content\/uploads\/2025\/11\/ChatGPT-Image-17.-pro-2025.-22_52_55-300x450.webp","datePublished":"2025-11-01T18:26:05+00:00","dateModified":"2026-02-10T21:36:43+00:00","breadcrumb":{"@id":"https:\/\/drurban.hr\/cart\/#breadcrumb"},"inLanguage":"en-GB","potentialAction":[{"@type":"ReadAction","target":["https:\/\/drurban.hr\/cart\/"]}]},{"@type":"ImageObject","inLanguage":"en-GB","@id":"https:\/\/drurban.hr\/cart\/#primaryimage","url":"https:\/\/drurban.hr\/wp-content\/uploads\/2025\/11\/ChatGPT-Image-17.-pro-2025.-22_52_55-300x450.webp","contentUrl":"https:\/\/drurban.hr\/wp-content\/uploads\/2025\/11\/ChatGPT-Image-17.-pro-2025.-22_52_55-300x450.webp"},{"@type":"BreadcrumbList","@id":"https:\/\/drurban.hr\/cart\/#breadcrumb","itemListElement":[{"@type":"ListItem","position":1,"name":"Home","item":"https:\/\/drurban.hr\/"},{"@type":"ListItem","position":2,"name":"Cart"}]},{"@type":"WebSite","@id":"https:\/\/drurban.hr\/#website","url":"https:\/\/drurban.hr\/","name":"DR Urban - Tamo gdje stil postaje navika","description":"It\u2019s Not Just Smoke. It\u2019s Culture","publisher":{"@id":"https:\/\/drurban.hr\/#organization"},"alternateName":"DR Urban","potentialAction":[{"@type":"SearchAction","target":{"@type":"EntryPoint","urlTemplate":"https:\/\/drurban.hr\/?s={search_term_string}"},"query-input":{"@type":"PropertyValueSpecification","valueRequired":true,"valueName":"search_term_string"}}],"inLanguage":"en-GB"},{"@type":"Organization","@id":"https:\/\/drurban.hr\/#organization","name":"Tobacco","url":"https:\/\/drurban.hr\/","logo":{"@type":"ImageObject","inLanguage":"en-GB","@id":"https:\/\/drurban.hr\/#\/schema\/logo\/image\/","url":"https:\/\/drurban.hr\/wp-content\/uploads\/2025\/10\/DR-URBAN-logo.svg","contentUrl":"https:\/\/drurban.hr\/wp-content\/uploads\/2025\/10\/DR-URBAN-logo.svg","width":100,"height":100,"caption":"Tobacco"},"image":{"@id":"https:\/\/drurban.hr\/#\/schema\/logo\/image\/"}}]}},"_links":{"self":[{"href":"https:\/\/drurban.hr\/en\/wp-json\/wp\/v2\/pages\/519","targetHints":{"allow":["GET"]}}],"collection":[{"href":"https:\/\/drurban.hr\/en\/wp-json\/wp\/v2\/pages"}],"about":[{"href":"https:\/\/drurban.hr\/en\/wp-json\/wp\/v2\/types\/page"}],"author":[{"embeddable":true,"href":"https:\/\/drurban.hr\/en\/wp-json\/wp\/v2\/users\/1"}],"replies":[{"embeddable":true,"href":"https:\/\/drurban.hr\/en\/wp-json\/wp\/v2\/comments?post=519"}],"version-history":[{"count":0,"href":"https:\/\/drurban.hr\/en\/wp-json\/wp\/v2\/pages\/519\/revisions"}],"wp:attachment":[{"href":"https:\/\/drurban.hr\/en\/wp-json\/wp\/v2\/media?parent=519"}],"curies":[{"name":"wp","href":"https:\/\/api.w.org\/{rel}","templated":true}]}}