{"id":1583,"date":"2025-11-11T08:42:52","date_gmt":"2025-11-11T08:42:52","guid":{"rendered":"https:\/\/drurban.hr\/?page_id=1583"},"modified":"2026-04-14T09:39:29","modified_gmt":"2026-04-14T07:39:29","slug":"dr-urban-ducani","status":"publish","type":"page","link":"https:\/\/drurban.hr\/en\/dr-urban-ducani\/","title":{"rendered":"DR Urban Shops"},"content":{"rendered":"<div data-elementor-type=\"wp-page\" data-elementor-id=\"1583\" class=\"elementor elementor-1583\" data-elementor-post-type=\"page\">\n\t\t\t\t<div class=\"elementor-element elementor-element-f73e766 e-flex e-con-boxed e-con e-parent\" data-id=\"f73e766\" data-element_type=\"container\" data-e-type=\"container\" data-settings=\"{&quot;background_background&quot;:&quot;classic&quot;}\">\n\t\t\t\t\t<div class=\"e-con-inner\">\n\t\t\t\t<div class=\"elementor-element elementor-element-521aaea elementor-widget elementor-widget-heading\" data-id=\"521aaea\" data-element_type=\"widget\" data-e-type=\"widget\" data-widget_type=\"heading.default\">\n\t\t\t\t\t<h2 class=\"elementor-heading-title elementor-size-default\">DR URBAN<\/h2>\t\t\t\t<\/div>\n\t\t\t\t<div class=\"elementor-element elementor-element-df8e727 elementor-widget__width-initial elementor-widget-mobile__width-inherit elementor-widget elementor-widget-text-editor\" data-id=\"df8e727\" data-element_type=\"widget\" data-e-type=\"widget\" data-widget_type=\"text-editor.default\">\n\t\t\t\t\t\t\t\t\t<p>Everything is about the ritual \u2013 that small moment when you pause, take a breath and reach for what you enjoy.<br \/>DR Urban was created from a simple idea: a neighbourhood shop doesn\u2019t have to be boring.<br \/>A place with a story, a distinct feel, good energy and people who know you by name. Over time, it became more than just a shop \u2013 a pause point and a habit you don\u2019t skip.<br \/>In our physical stores, you\u2019ll find a wide range of everyday products that enhance your daily ritual.<br \/>But what draws people in isn\u2019t just the selection \u2013 it\u2019s the atmosphere.<br \/>A neighbourhood shop with personality \u2013 a place where everything flows at its own pace and there\u2019s always time for a quick chat.<br \/>DR Urban \u2013 an oasis of good energy, conversation and small rituals that last.<\/p><p>Visit us at:<br \/>________________________________<\/p><p>Marina Tartaglie 33, 10000 Zagreb<br \/>________________________________<\/p><p>Ilica 45, 10000 Zagreb<\/p>\t\t\t\t\t\t\t\t<\/div>\n\t\t\t\t\t<\/div>\n\t\t\t\t<\/div>\n\t\t\t\t<\/div>","protected":false},"excerpt":{"rendered":"<p>DR URBAN Sve je stvar rituala \u2013 onog malog trenutka kad stane\u0161, udahne\u0161 i uzme\u0161 ono \u0161to voli\u0161.DR Urban du\u0107an nastao je iz jednostavne ideje: da kvartovski du\u0107an ne mora biti dosadan.Mjesto s pri\u010dom, mirisom, dobrom energijom i ljudima koji te znaju po imenu. S vremenom je postalo vi\u0161e od obi\u010dne trgovine \u2013 to\u010dka pauze [&hellip;]<\/p>\n","protected":false},"author":1,"featured_media":0,"parent":0,"menu_order":0,"comment_status":"closed","ping_status":"closed","template":"elementor_header_footer","meta":{"footnotes":""},"class_list":["post-1583","page","type-page","status-publish","hentry"],"yoast_head":"<!-- This site is optimized with the Yoast SEO plugin v27.3 - https:\/\/yoast.com\/product\/yoast-seo-wordpress\/ -->\n<title>DR Urban du\u0107ani - DR Urban - Tamo gdje stil postaje navika<\/title>\n<meta name=\"robots\" content=\"index, follow, max-snippet:-1, max-image-preview:large, max-video-preview:-1\" \/>\n<link rel=\"canonical\" href=\"https:\/\/drurban.hr\/en\/dr-urban-ducani\/\" \/>\n<meta property=\"og:locale\" content=\"en_GB\" \/>\n<meta property=\"og:type\" content=\"article\" \/>\n<meta property=\"og:title\" content=\"DR Urban du\u0107ani - DR Urban - Tamo gdje stil postaje navika\" \/>\n<meta property=\"og:description\" content=\"DR URBAN Sve je stvar rituala \u2013 onog malog trenutka kad stane\u0161, udahne\u0161 i uzme\u0161 ono \u0161to voli\u0161.DR Urban du\u0107an nastao je iz jednostavne ideje: da kvartovski du\u0107an ne mora biti dosadan.Mjesto s pri\u010dom, mirisom, dobrom energijom i ljudima koji te znaju po imenu. S vremenom je postalo vi\u0161e od obi\u010dne trgovine \u2013 to\u010dka pauze [&hellip;]\" \/>\n<meta property=\"og:url\" content=\"https:\/\/drurban.hr\/en\/dr-urban-ducani\/\" \/>\n<meta property=\"og:site_name\" content=\"DR Urban - Tamo gdje stil postaje navika\" \/>\n<meta property=\"article:modified_time\" content=\"2026-04-14T07:39:29+00:00\" \/>\n<meta name=\"twitter:card\" content=\"summary_large_image\" \/>\n<meta name=\"twitter:label1\" content=\"Estimated reading time\" \/>\n\t<meta name=\"twitter:data1\" content=\"1 minute\" \/>\n<script type=\"application\/ld+json\" class=\"yoast-schema-graph\">{\"@context\":\"https:\\\/\\\/schema.org\",\"@graph\":[{\"@type\":\"WebPage\",\"@id\":\"https:\\\/\\\/drurban.hr\\\/dr-urban-ducani\\\/\",\"url\":\"https:\\\/\\\/drurban.hr\\\/dr-urban-ducani\\\/\",\"name\":\"DR Urban du\u0107ani - DR Urban - Tamo gdje stil postaje navika\",\"isPartOf\":{\"@id\":\"https:\\\/\\\/drurban.hr\\\/#website\"},\"datePublished\":\"2025-11-11T08:42:52+00:00\",\"dateModified\":\"2026-04-14T07:39:29+00:00\",\"breadcrumb\":{\"@id\":\"https:\\\/\\\/drurban.hr\\\/dr-urban-ducani\\\/#breadcrumb\"},\"inLanguage\":\"en-GB\",\"potentialAction\":[{\"@type\":\"ReadAction\",\"target\":[\"https:\\\/\\\/drurban.hr\\\/dr-urban-ducani\\\/\"]}]},{\"@type\":\"BreadcrumbList\",\"@id\":\"https:\\\/\\\/drurban.hr\\\/dr-urban-ducani\\\/#breadcrumb\",\"itemListElement\":[{\"@type\":\"ListItem\",\"position\":1,\"name\":\"Home\",\"item\":\"https:\\\/\\\/drurban.hr\\\/\"},{\"@type\":\"ListItem\",\"position\":2,\"name\":\"DR Urban du\u0107ani\"}]},{\"@type\":\"WebSite\",\"@id\":\"https:\\\/\\\/drurban.hr\\\/#website\",\"url\":\"https:\\\/\\\/drurban.hr\\\/\",\"name\":\"DR Urban - Tamo gdje stil postaje navika\",\"description\":\"It\u2019s Not Just Smoke. It\u2019s Culture\",\"publisher\":{\"@id\":\"https:\\\/\\\/drurban.hr\\\/#organization\"},\"alternateName\":\"DR Urban\",\"potentialAction\":[{\"@type\":\"SearchAction\",\"target\":{\"@type\":\"EntryPoint\",\"urlTemplate\":\"https:\\\/\\\/drurban.hr\\\/?s={search_term_string}\"},\"query-input\":{\"@type\":\"PropertyValueSpecification\",\"valueRequired\":true,\"valueName\":\"search_term_string\"}}],\"inLanguage\":\"en-GB\"},{\"@type\":\"Organization\",\"@id\":\"https:\\\/\\\/drurban.hr\\\/#organization\",\"name\":\"Tobacco\",\"url\":\"https:\\\/\\\/drurban.hr\\\/\",\"logo\":{\"@type\":\"ImageObject\",\"inLanguage\":\"en-GB\",\"@id\":\"https:\\\/\\\/drurban.hr\\\/#\\\/schema\\\/logo\\\/image\\\/\",\"url\":\"https:\\\/\\\/drurban.hr\\\/wp-content\\\/uploads\\\/2025\\\/10\\\/DR-URBAN-logo.svg\",\"contentUrl\":\"https:\\\/\\\/drurban.hr\\\/wp-content\\\/uploads\\\/2025\\\/10\\\/DR-URBAN-logo.svg\",\"width\":100,\"height\":100,\"caption\":\"Tobacco\"},\"image\":{\"@id\":\"https:\\\/\\\/drurban.hr\\\/#\\\/schema\\\/logo\\\/image\\\/\"}}]}<\/script>\n<!-- \/ Yoast SEO plugin. -->","yoast_head_json":{"title":"DR Urban du\u0107ani - DR Urban - Tamo gdje stil postaje navika","robots":{"index":"index","follow":"follow","max-snippet":"max-snippet:-1","max-image-preview":"max-image-preview:large","max-video-preview":"max-video-preview:-1"},"canonical":"https:\/\/drurban.hr\/en\/dr-urban-ducani\/","og_locale":"en_GB","og_type":"article","og_title":"DR Urban du\u0107ani - DR Urban - Tamo gdje stil postaje navika","og_description":"DR URBAN Sve je stvar rituala \u2013 onog malog trenutka kad stane\u0161, udahne\u0161 i uzme\u0161 ono \u0161to voli\u0161.DR Urban du\u0107an nastao je iz jednostavne ideje: da kvartovski du\u0107an ne mora biti dosadan.Mjesto s pri\u010dom, mirisom, dobrom energijom i ljudima koji te znaju po imenu. S vremenom je postalo vi\u0161e od obi\u010dne trgovine \u2013 to\u010dka pauze [&hellip;]","og_url":"https:\/\/drurban.hr\/en\/dr-urban-ducani\/","og_site_name":"DR Urban - Tamo gdje stil postaje navika","article_modified_time":"2026-04-14T07:39:29+00:00","twitter_card":"summary_large_image","twitter_misc":{"Estimated reading time":"1 minute"},"schema":{"@context":"https:\/\/schema.org","@graph":[{"@type":"WebPage","@id":"https:\/\/drurban.hr\/dr-urban-ducani\/","url":"https:\/\/drurban.hr\/dr-urban-ducani\/","name":"DR Urban du\u0107ani - DR Urban - Tamo gdje stil postaje navika","isPartOf":{"@id":"https:\/\/drurban.hr\/#website"},"datePublished":"2025-11-11T08:42:52+00:00","dateModified":"2026-04-14T07:39:29+00:00","breadcrumb":{"@id":"https:\/\/drurban.hr\/dr-urban-ducani\/#breadcrumb"},"inLanguage":"en-GB","potentialAction":[{"@type":"ReadAction","target":["https:\/\/drurban.hr\/dr-urban-ducani\/"]}]},{"@type":"BreadcrumbList","@id":"https:\/\/drurban.hr\/dr-urban-ducani\/#breadcrumb","itemListElement":[{"@type":"ListItem","position":1,"name":"Home","item":"https:\/\/drurban.hr\/"},{"@type":"ListItem","position":2,"name":"DR Urban du\u0107ani"}]},{"@type":"WebSite","@id":"https:\/\/drurban.hr\/#website","url":"https:\/\/drurban.hr\/","name":"DR Urban - Tamo gdje stil postaje navika","description":"It\u2019s Not Just Smoke. It\u2019s Culture","publisher":{"@id":"https:\/\/drurban.hr\/#organization"},"alternateName":"DR Urban","potentialAction":[{"@type":"SearchAction","target":{"@type":"EntryPoint","urlTemplate":"https:\/\/drurban.hr\/?s={search_term_string}"},"query-input":{"@type":"PropertyValueSpecification","valueRequired":true,"valueName":"search_term_string"}}],"inLanguage":"en-GB"},{"@type":"Organization","@id":"https:\/\/drurban.hr\/#organization","name":"Tobacco","url":"https:\/\/drurban.hr\/","logo":{"@type":"ImageObject","inLanguage":"en-GB","@id":"https:\/\/drurban.hr\/#\/schema\/logo\/image\/","url":"https:\/\/drurban.hr\/wp-content\/uploads\/2025\/10\/DR-URBAN-logo.svg","contentUrl":"https:\/\/drurban.hr\/wp-content\/uploads\/2025\/10\/DR-URBAN-logo.svg","width":100,"height":100,"caption":"Tobacco"},"image":{"@id":"https:\/\/drurban.hr\/#\/schema\/logo\/image\/"}}]}},"_links":{"self":[{"href":"https:\/\/drurban.hr\/en\/wp-json\/wp\/v2\/pages\/1583","targetHints":{"allow":["GET"]}}],"collection":[{"href":"https:\/\/drurban.hr\/en\/wp-json\/wp\/v2\/pages"}],"about":[{"href":"https:\/\/drurban.hr\/en\/wp-json\/wp\/v2\/types\/page"}],"author":[{"embeddable":true,"href":"https:\/\/drurban.hr\/en\/wp-json\/wp\/v2\/users\/1"}],"replies":[{"embeddable":true,"href":"https:\/\/drurban.hr\/en\/wp-json\/wp\/v2\/comments?post=1583"}],"version-history":[{"count":6,"href":"https:\/\/drurban.hr\/en\/wp-json\/wp\/v2\/pages\/1583\/revisions"}],"predecessor-version":[{"id":5917,"href":"https:\/\/drurban.hr\/en\/wp-json\/wp\/v2\/pages\/1583\/revisions\/5917"}],"wp:attachment":[{"href":"https:\/\/drurban.hr\/en\/wp-json\/wp\/v2\/media?parent=1583"}],"curies":[{"name":"wp","href":"https:\/\/api.w.org\/{rel}","templated":true}]}}