{"id":1091,"date":"2025-11-06T08:21:41","date_gmt":"2025-11-06T08:21:41","guid":{"rendered":"https:\/\/drurban.hr\/?page_id=1091"},"modified":"2026-02-12T20:51:31","modified_gmt":"2026-02-12T19:51:31","slug":"o-nama","status":"publish","type":"page","link":"https:\/\/drurban.hr\/en\/o-nama\/","title":{"rendered":"About us"},"content":{"rendered":"<div data-elementor-type=\"wp-page\" data-elementor-id=\"1091\" class=\"elementor elementor-1091\" data-elementor-post-type=\"page\">\n\t\t\t\t<div class=\"elementor-element elementor-element-6e5ac410 e-flex e-con-boxed e-con e-parent\" data-id=\"6e5ac410\" data-element_type=\"container\" data-e-type=\"container\" data-settings=\"{&quot;background_background&quot;:&quot;classic&quot;}\">\n\t\t\t\t\t<div class=\"e-con-inner\">\n\t\t<div class=\"elementor-element elementor-element-7f46e21 e-con-full e-flex e-con e-child\" data-id=\"7f46e21\" data-element_type=\"container\" data-e-type=\"container\">\n\t\t\t\t<div class=\"elementor-element elementor-element-4cb2ffa4 elementor-widget elementor-widget-heading\" data-id=\"4cb2ffa4\" data-element_type=\"widget\" data-e-type=\"widget\" data-widget_type=\"heading.default\">\n\t\t\t\t\t<h2 class=\"elementor-heading-title elementor-size-default\">About us<\/h2>\t\t\t\t<\/div>\n\t\t\t\t<div class=\"elementor-element elementor-element-102c53c3 elementor-widget__width-inherit elementor-widget-mobile__width-inherit elementor-widget elementor-widget-text-editor\" data-id=\"102c53c3\" data-element_type=\"widget\" data-e-type=\"widget\" data-widget_type=\"text-editor.default\">\n\t\t\t\t\t\t\t\t\t<p>It all started with an idea and a desire for smart, practical solutions with great style. DR Urban is a brand with character, where design and functionality go hand in hand, and products move with your rhythm and everyday life.<\/p>\n<p>The philosophy is simple: nothing without purpose. Every piece \u2013 from accessories and gear to practical essentials \u2013 has a function, meaning and a good vibe. The lifestyle is relaxed and practical, with just enough style to stand out when it matters, without following trends.<\/p>\n<p>The range includes smart solutions that make your day easier, simpler and better. DR Urban is for those who appreciate quality, simplicity and a good vibe.<\/p>\n<p>Smart solutions for your moment \u2013 functional, high-quality and cool products that are useful, practical and truly yours.<\/p>\t\t\t\t\t\t\t\t<\/div>\n\t\t\t\t<\/div>\n\t\t<div class=\"elementor-element elementor-element-fcd0cad e-con-full e-flex e-con e-child\" data-id=\"fcd0cad\" data-element_type=\"container\" data-e-type=\"container\">\n\t\t\t\t<div class=\"elementor-element elementor-element-8c2fc2f elementor-widget elementor-widget-image\" data-id=\"8c2fc2f\" data-element_type=\"widget\" data-e-type=\"widget\" data-widget_type=\"image.default\">\n\t\t\t\t\t\t\t\t\t\t\t\t\t\t\t<img fetchpriority=\"high\" decoding=\"async\" width=\"691\" height=\"547\" src=\"https:\/\/drurban.hr\/wp-content\/uploads\/2025\/11\/Rectangle-24.webp\" class=\"attachment-full size-full wp-image-3195\" alt=\"\" srcset=\"https:\/\/drurban.hr\/wp-content\/uploads\/2025\/11\/Rectangle-24.webp 691w, https:\/\/drurban.hr\/wp-content\/uploads\/2025\/11\/Rectangle-24-300x237.webp 300w, https:\/\/drurban.hr\/wp-content\/uploads\/2025\/11\/Rectangle-24-600x475.webp 600w\" sizes=\"(max-width: 691px) 100vw, 691px\" \/>\t\t\t\t\t\t\t\t\t\t\t\t\t\t\t<\/div>\n\t\t\t\t<div class=\"elementor-element elementor-element-42ca1d2 elementor-widget elementor-widget-image\" data-id=\"42ca1d2\" data-element_type=\"widget\" data-e-type=\"widget\" data-widget_type=\"image.default\">\n\t\t\t\t\t\t\t\t\t\t\t\t\t\t\t<img decoding=\"async\" width=\"691\" height=\"547\" src=\"https:\/\/drurban.hr\/wp-content\/uploads\/2025\/11\/Rectangle-25.webp\" class=\"attachment-full size-full wp-image-3196\" alt=\"\" srcset=\"https:\/\/drurban.hr\/wp-content\/uploads\/2025\/11\/Rectangle-25.webp 691w, https:\/\/drurban.hr\/wp-content\/uploads\/2025\/11\/Rectangle-25-300x237.webp 300w, https:\/\/drurban.hr\/wp-content\/uploads\/2025\/11\/Rectangle-25-600x475.webp 600w\" sizes=\"(max-width: 691px) 100vw, 691px\" \/>\t\t\t\t\t\t\t\t\t\t\t\t\t\t\t<\/div>\n\t\t\t\t<\/div>\n\t\t\t\t\t<\/div>\n\t\t\t\t<\/div>\n\t\t\t\t<\/div>","protected":false},"excerpt":{"rendered":"<p>Sve je po\u010delo s jednom idejom i \u017eeljom za pametnim, prakti\u010dnim rje\u0161enjima s dobrim stilom. DR Urban je brend s karakterom, gdje dizajn i funkcionalnost idu ruku pod ruku, a proizvodi prate tvoj ritam i svakodnevnicu. Filozofija je jasna: ni\u0161ta bez svrhe. Svaki komad &#8211; od dodataka i opreme do prakti\u010dnih sitnica &#8211; ima funkciju, [&hellip;]<\/p>\n","protected":false},"author":1,"featured_media":0,"parent":0,"menu_order":0,"comment_status":"closed","ping_status":"closed","template":"","meta":{"footnotes":""},"class_list":["post-1091","page","type-page","status-publish","hentry"],"yoast_head":"<!-- This site is optimized with the Yoast SEO plugin v27.3 - https:\/\/yoast.com\/product\/yoast-seo-wordpress\/ -->\n<title>O nama - DR Urban - Tamo gdje stil postaje navika<\/title>\n<meta name=\"robots\" content=\"index, follow, max-snippet:-1, max-image-preview:large, max-video-preview:-1\" \/>\n<link rel=\"canonical\" href=\"https:\/\/drurban.hr\/en\/o-nama\/\" \/>\n<meta property=\"og:locale\" content=\"en_GB\" \/>\n<meta property=\"og:type\" content=\"article\" \/>\n<meta property=\"og:title\" content=\"O nama - DR Urban - Tamo gdje stil postaje navika\" \/>\n<meta property=\"og:description\" content=\"Sve je po\u010delo s jednom idejom i \u017eeljom za pametnim, prakti\u010dnim rje\u0161enjima s dobrim stilom. DR Urban je brend s karakterom, gdje dizajn i funkcionalnost idu ruku pod ruku, a proizvodi prate tvoj ritam i svakodnevnicu. Filozofija je jasna: ni\u0161ta bez svrhe. Svaki komad &#8211; od dodataka i opreme do prakti\u010dnih sitnica &#8211; ima funkciju, [&hellip;]\" \/>\n<meta property=\"og:url\" content=\"https:\/\/drurban.hr\/en\/o-nama\/\" \/>\n<meta property=\"og:site_name\" content=\"DR Urban - Tamo gdje stil postaje navika\" \/>\n<meta property=\"article:modified_time\" content=\"2026-02-12T19:51:31+00:00\" \/>\n<meta property=\"og:image\" content=\"https:\/\/drurban.hr\/wp-content\/uploads\/2025\/11\/Rectangle-24.webp\" \/>\n\t<meta property=\"og:image:width\" content=\"691\" \/>\n\t<meta property=\"og:image:height\" content=\"547\" \/>\n\t<meta property=\"og:image:type\" content=\"image\/webp\" \/>\n<meta name=\"twitter:card\" content=\"summary_large_image\" \/>\n<meta name=\"twitter:label1\" content=\"Estimated reading time\" \/>\n\t<meta name=\"twitter:data1\" content=\"1 minute\" \/>\n<script type=\"application\/ld+json\" class=\"yoast-schema-graph\">{\"@context\":\"https:\\\/\\\/schema.org\",\"@graph\":[{\"@type\":\"WebPage\",\"@id\":\"https:\\\/\\\/drurban.hr\\\/o-nama\\\/\",\"url\":\"https:\\\/\\\/drurban.hr\\\/o-nama\\\/\",\"name\":\"O nama - DR Urban - Tamo gdje stil postaje navika\",\"isPartOf\":{\"@id\":\"https:\\\/\\\/drurban.hr\\\/#website\"},\"primaryImageOfPage\":{\"@id\":\"https:\\\/\\\/drurban.hr\\\/o-nama\\\/#primaryimage\"},\"image\":{\"@id\":\"https:\\\/\\\/drurban.hr\\\/o-nama\\\/#primaryimage\"},\"thumbnailUrl\":\"https:\\\/\\\/drurban.hr\\\/wp-content\\\/uploads\\\/2025\\\/11\\\/Rectangle-24.webp\",\"datePublished\":\"2025-11-06T08:21:41+00:00\",\"dateModified\":\"2026-02-12T19:51:31+00:00\",\"breadcrumb\":{\"@id\":\"https:\\\/\\\/drurban.hr\\\/o-nama\\\/#breadcrumb\"},\"inLanguage\":\"en-GB\",\"potentialAction\":[{\"@type\":\"ReadAction\",\"target\":[\"https:\\\/\\\/drurban.hr\\\/o-nama\\\/\"]}]},{\"@type\":\"ImageObject\",\"inLanguage\":\"en-GB\",\"@id\":\"https:\\\/\\\/drurban.hr\\\/o-nama\\\/#primaryimage\",\"url\":\"https:\\\/\\\/drurban.hr\\\/wp-content\\\/uploads\\\/2025\\\/11\\\/Rectangle-24.webp\",\"contentUrl\":\"https:\\\/\\\/drurban.hr\\\/wp-content\\\/uploads\\\/2025\\\/11\\\/Rectangle-24.webp\"},{\"@type\":\"BreadcrumbList\",\"@id\":\"https:\\\/\\\/drurban.hr\\\/o-nama\\\/#breadcrumb\",\"itemListElement\":[{\"@type\":\"ListItem\",\"position\":1,\"name\":\"Home\",\"item\":\"https:\\\/\\\/drurban.hr\\\/\"},{\"@type\":\"ListItem\",\"position\":2,\"name\":\"O nama\"}]},{\"@type\":\"WebSite\",\"@id\":\"https:\\\/\\\/drurban.hr\\\/#website\",\"url\":\"https:\\\/\\\/drurban.hr\\\/\",\"name\":\"DR Urban - Tamo gdje stil postaje navika\",\"description\":\"It\u2019s Not Just Smoke. It\u2019s Culture\",\"publisher\":{\"@id\":\"https:\\\/\\\/drurban.hr\\\/#organization\"},\"alternateName\":\"DR Urban\",\"potentialAction\":[{\"@type\":\"SearchAction\",\"target\":{\"@type\":\"EntryPoint\",\"urlTemplate\":\"https:\\\/\\\/drurban.hr\\\/?s={search_term_string}\"},\"query-input\":{\"@type\":\"PropertyValueSpecification\",\"valueRequired\":true,\"valueName\":\"search_term_string\"}}],\"inLanguage\":\"en-GB\"},{\"@type\":\"Organization\",\"@id\":\"https:\\\/\\\/drurban.hr\\\/#organization\",\"name\":\"Tobacco\",\"url\":\"https:\\\/\\\/drurban.hr\\\/\",\"logo\":{\"@type\":\"ImageObject\",\"inLanguage\":\"en-GB\",\"@id\":\"https:\\\/\\\/drurban.hr\\\/#\\\/schema\\\/logo\\\/image\\\/\",\"url\":\"https:\\\/\\\/drurban.hr\\\/wp-content\\\/uploads\\\/2025\\\/10\\\/DR-URBAN-logo.svg\",\"contentUrl\":\"https:\\\/\\\/drurban.hr\\\/wp-content\\\/uploads\\\/2025\\\/10\\\/DR-URBAN-logo.svg\",\"width\":100,\"height\":100,\"caption\":\"Tobacco\"},\"image\":{\"@id\":\"https:\\\/\\\/drurban.hr\\\/#\\\/schema\\\/logo\\\/image\\\/\"}}]}<\/script>\n<!-- \/ Yoast SEO plugin. -->","yoast_head_json":{"title":"O nama - DR Urban - Tamo gdje stil postaje navika","robots":{"index":"index","follow":"follow","max-snippet":"max-snippet:-1","max-image-preview":"max-image-preview:large","max-video-preview":"max-video-preview:-1"},"canonical":"https:\/\/drurban.hr\/en\/o-nama\/","og_locale":"en_GB","og_type":"article","og_title":"O nama - DR Urban - Tamo gdje stil postaje navika","og_description":"Sve je po\u010delo s jednom idejom i \u017eeljom za pametnim, prakti\u010dnim rje\u0161enjima s dobrim stilom. DR Urban je brend s karakterom, gdje dizajn i funkcionalnost idu ruku pod ruku, a proizvodi prate tvoj ritam i svakodnevnicu. Filozofija je jasna: ni\u0161ta bez svrhe. Svaki komad &#8211; od dodataka i opreme do prakti\u010dnih sitnica &#8211; ima funkciju, [&hellip;]","og_url":"https:\/\/drurban.hr\/en\/o-nama\/","og_site_name":"DR Urban - Tamo gdje stil postaje navika","article_modified_time":"2026-02-12T19:51:31+00:00","og_image":[{"width":691,"height":547,"url":"https:\/\/drurban.hr\/wp-content\/uploads\/2025\/11\/Rectangle-24.webp","type":"image\/webp"}],"twitter_card":"summary_large_image","twitter_misc":{"Estimated reading time":"1 minute"},"schema":{"@context":"https:\/\/schema.org","@graph":[{"@type":"WebPage","@id":"https:\/\/drurban.hr\/o-nama\/","url":"https:\/\/drurban.hr\/o-nama\/","name":"O nama - DR Urban - Tamo gdje stil postaje navika","isPartOf":{"@id":"https:\/\/drurban.hr\/#website"},"primaryImageOfPage":{"@id":"https:\/\/drurban.hr\/o-nama\/#primaryimage"},"image":{"@id":"https:\/\/drurban.hr\/o-nama\/#primaryimage"},"thumbnailUrl":"https:\/\/drurban.hr\/wp-content\/uploads\/2025\/11\/Rectangle-24.webp","datePublished":"2025-11-06T08:21:41+00:00","dateModified":"2026-02-12T19:51:31+00:00","breadcrumb":{"@id":"https:\/\/drurban.hr\/o-nama\/#breadcrumb"},"inLanguage":"en-GB","potentialAction":[{"@type":"ReadAction","target":["https:\/\/drurban.hr\/o-nama\/"]}]},{"@type":"ImageObject","inLanguage":"en-GB","@id":"https:\/\/drurban.hr\/o-nama\/#primaryimage","url":"https:\/\/drurban.hr\/wp-content\/uploads\/2025\/11\/Rectangle-24.webp","contentUrl":"https:\/\/drurban.hr\/wp-content\/uploads\/2025\/11\/Rectangle-24.webp"},{"@type":"BreadcrumbList","@id":"https:\/\/drurban.hr\/o-nama\/#breadcrumb","itemListElement":[{"@type":"ListItem","position":1,"name":"Home","item":"https:\/\/drurban.hr\/"},{"@type":"ListItem","position":2,"name":"O nama"}]},{"@type":"WebSite","@id":"https:\/\/drurban.hr\/#website","url":"https:\/\/drurban.hr\/","name":"DR Urban - Tamo gdje stil postaje navika","description":"It\u2019s Not Just Smoke. It\u2019s Culture","publisher":{"@id":"https:\/\/drurban.hr\/#organization"},"alternateName":"DR Urban","potentialAction":[{"@type":"SearchAction","target":{"@type":"EntryPoint","urlTemplate":"https:\/\/drurban.hr\/?s={search_term_string}"},"query-input":{"@type":"PropertyValueSpecification","valueRequired":true,"valueName":"search_term_string"}}],"inLanguage":"en-GB"},{"@type":"Organization","@id":"https:\/\/drurban.hr\/#organization","name":"Tobacco","url":"https:\/\/drurban.hr\/","logo":{"@type":"ImageObject","inLanguage":"en-GB","@id":"https:\/\/drurban.hr\/#\/schema\/logo\/image\/","url":"https:\/\/drurban.hr\/wp-content\/uploads\/2025\/10\/DR-URBAN-logo.svg","contentUrl":"https:\/\/drurban.hr\/wp-content\/uploads\/2025\/10\/DR-URBAN-logo.svg","width":100,"height":100,"caption":"Tobacco"},"image":{"@id":"https:\/\/drurban.hr\/#\/schema\/logo\/image\/"}}]}},"_links":{"self":[{"href":"https:\/\/drurban.hr\/en\/wp-json\/wp\/v2\/pages\/1091","targetHints":{"allow":["GET"]}}],"collection":[{"href":"https:\/\/drurban.hr\/en\/wp-json\/wp\/v2\/pages"}],"about":[{"href":"https:\/\/drurban.hr\/en\/wp-json\/wp\/v2\/types\/page"}],"author":[{"embeddable":true,"href":"https:\/\/drurban.hr\/en\/wp-json\/wp\/v2\/users\/1"}],"replies":[{"embeddable":true,"href":"https:\/\/drurban.hr\/en\/wp-json\/wp\/v2\/comments?post=1091"}],"version-history":[{"count":0,"href":"https:\/\/drurban.hr\/en\/wp-json\/wp\/v2\/pages\/1091\/revisions"}],"wp:attachment":[{"href":"https:\/\/drurban.hr\/en\/wp-json\/wp\/v2\/media?parent=1091"}],"curies":[{"name":"wp","href":"https:\/\/api.w.org\/{rel}","templated":true}]}}