{"id":1089,"date":"2025-11-06T08:21:24","date_gmt":"2025-11-06T08:21:24","guid":{"rendered":"https:\/\/drurban.hr\/?page_id=1089"},"modified":"2026-04-14T09:32:44","modified_gmt":"2026-04-14T07:32:44","slug":"kontakt","status":"publish","type":"page","link":"https:\/\/drurban.hr\/en\/kontakt\/","title":{"rendered":"Contact"},"content":{"rendered":"\t\t<div data-elementor-type=\"wp-page\" data-elementor-id=\"1089\" class=\"elementor elementor-1089\" data-elementor-post-type=\"page\">\n\t\t\t\t<div class=\"elementor-element elementor-element-4fc478b e-flex e-con-boxed e-con e-parent\" data-id=\"4fc478b\" data-element_type=\"container\" data-e-type=\"container\" data-settings=\"{&quot;background_background&quot;:&quot;classic&quot;}\">\n\t\t\t\t\t<div class=\"e-con-inner\">\n\t\t<div class=\"elementor-element elementor-element-5340eda e-con-full e-flex e-con e-child\" data-id=\"5340eda\" data-element_type=\"container\" data-e-type=\"container\">\n\t\t\t\t<div class=\"elementor-element elementor-element-fab88ad elementor-widget elementor-widget-heading\" data-id=\"fab88ad\" data-element_type=\"widget\" data-e-type=\"widget\" data-widget_type=\"heading.default\">\n\t\t\t\t\t<h2 class=\"elementor-heading-title elementor-size-default\">Kontaktirajte nas<\/h2>\t\t\t\t<\/div>\n\t\t\t\t<div class=\"elementor-element elementor-element-aced2d9 elementor-widget elementor-widget-text-editor\" data-id=\"aced2d9\" data-element_type=\"widget\" data-e-type=\"widget\" data-widget_type=\"text-editor.default\">\n\t\t\t\t\t\t\t\t\t<p>Ako imate bilo kakvih pitanja, mo\u017eete nas kontaktirati, a mi \u0107emo Vam odgovoriti u najkra\u0107em mogu\u0107em roku.<\/p>\t\t\t\t\t\t\t\t<\/div>\n\t\t\t\t<div class=\"elementor-element elementor-element-97855ce elementor-widget__width-inherit elementor-button-align-start elementor-widget elementor-widget-form\" data-id=\"97855ce\" data-element_type=\"widget\" data-e-type=\"widget\" data-settings=\"{&quot;step_next_label&quot;:&quot;Next&quot;,&quot;step_previous_label&quot;:&quot;Previous&quot;,&quot;step_type&quot;:&quot;none&quot;,&quot;step_icon_shape&quot;:&quot;none&quot;,&quot;button_width&quot;:&quot;100&quot;}\" data-widget_type=\"form.default\">\n\t\t\t\t\t\t\t<form class=\"elementor-form\" method=\"post\" name=\"New Form\" aria-label=\"New Form\">\n\t\t\t<input type=\"hidden\" name=\"post_id\" value=\"1089\"\/>\n\t\t\t<input type=\"hidden\" name=\"form_id\" value=\"97855ce\"\/>\n\t\t\t<input type=\"hidden\" name=\"referer_title\" value=\"Kontakt - DR Urban - Tamo gdje stil postaje navika\" \/>\n\n\t\t\t\t\t\t\t<input type=\"hidden\" name=\"queried_id\" value=\"1089\"\/>\n\t\t\t\n\t\t\t<div class=\"elementor-form-fields-wrapper elementor-labels-above\">\n\t\t\t\t\t\t\t\t<div class=\"elementor-field-type-text elementor-field-group elementor-column elementor-field-group-name elementor-col-50\">\n\t\t\t\t\t\t\t\t\t\t\t\t<label for=\"form-field-name\" class=\"elementor-field-label\">\n\t\t\t\t\t\t\t\tIme\t\t\t\t\t\t\t<\/label>\n\t\t\t\t\t\t\t\t\t\t\t\t\t\t<input size=\"1\" type=\"text\" name=\"form_fields[name]\" id=\"form-field-name\" class=\"elementor-field elementor-size-lg  elementor-field-textual\">\n\t\t\t\t\t\t\t\t\t\t\t<\/div>\n\t\t\t\t\t\t\t\t<div class=\"elementor-field-type-text elementor-field-group elementor-column elementor-field-group-field_dc8cee6 elementor-col-50 elementor-field-required\">\n\t\t\t\t\t\t\t\t\t\t\t\t<label for=\"form-field-field_dc8cee6\" class=\"elementor-field-label\">\n\t\t\t\t\t\t\t\tPrezime\t\t\t\t\t\t\t<\/label>\n\t\t\t\t\t\t\t\t\t\t\t\t\t\t<input size=\"1\" type=\"text\" name=\"form_fields[field_dc8cee6]\" id=\"form-field-field_dc8cee6\" class=\"elementor-field elementor-size-lg  elementor-field-textual\" required=\"required\">\n\t\t\t\t\t\t\t\t\t\t\t<\/div>\n\t\t\t\t\t\t\t\t<div class=\"elementor-field-type-email elementor-field-group elementor-column elementor-field-group-email elementor-col-100 elementor-field-required\">\n\t\t\t\t\t\t\t\t\t\t\t\t<label for=\"form-field-email\" class=\"elementor-field-label\">\n\t\t\t\t\t\t\t\tTelefon\t\t\t\t\t\t\t<\/label>\n\t\t\t\t\t\t\t\t\t\t\t\t\t\t<input size=\"1\" type=\"email\" name=\"form_fields[email]\" id=\"form-field-email\" class=\"elementor-field elementor-size-lg  elementor-field-textual\" required=\"required\">\n\t\t\t\t\t\t\t\t\t\t\t<\/div>\n\t\t\t\t\t\t\t\t<div class=\"elementor-field-type-email elementor-field-group elementor-column elementor-field-group-field_4b6fd55 elementor-col-100 elementor-field-required\">\n\t\t\t\t\t\t\t\t\t\t\t\t<label for=\"form-field-field_4b6fd55\" class=\"elementor-field-label\">\n\t\t\t\t\t\t\t\tEmail\t\t\t\t\t\t\t<\/label>\n\t\t\t\t\t\t\t\t\t\t\t\t\t\t<input size=\"1\" type=\"email\" name=\"form_fields[field_4b6fd55]\" id=\"form-field-field_4b6fd55\" class=\"elementor-field elementor-size-lg  elementor-field-textual\" required=\"required\">\n\t\t\t\t\t\t\t\t\t\t\t<\/div>\n\t\t\t\t\t\t\t\t<div class=\"elementor-field-type-textarea elementor-field-group elementor-column elementor-field-group-message elementor-col-100\">\n\t\t\t\t\t\t\t\t\t\t\t\t<label for=\"form-field-message\" class=\"elementor-field-label\">\n\t\t\t\t\t\t\t\tVa\u0161a poruka\t\t\t\t\t\t\t<\/label>\n\t\t\t\t\t\t<textarea class=\"elementor-field-textual elementor-field  elementor-size-lg\" name=\"form_fields[message]\" id=\"form-field-message\" rows=\"6\"><\/textarea>\t\t\t\t<\/div>\n\t\t\t\t\t\t\t\t<div class=\"elementor-field-group elementor-column elementor-field-type-submit elementor-col-100 e-form__buttons\">\n\t\t\t\t\t<button class=\"elementor-button elementor-size-md\" type=\"submit\">\n\t\t\t\t\t\t<span class=\"elementor-button-content-wrapper\">\n\t\t\t\t\t\t\t\t\t\t\t\t\t\t\t\t\t\t\t\t\t\t<span class=\"elementor-button-text\">Po\u0161alji<\/span>\n\t\t\t\t\t\t\t\t\t\t\t\t\t<\/span>\n\t\t\t\t\t<\/button>\n\t\t\t\t<\/div>\n\t\t\t<\/div>\n\t\t<\/form>\n\t\t\t\t\t\t<\/div>\n\t\t\t\t<\/div>\n\t\t<div class=\"elementor-element elementor-element-67c068e e-con-full e-flex e-con e-child\" data-id=\"67c068e\" data-element_type=\"container\" data-e-type=\"container\">\n\t\t\t\t<div class=\"elementor-element elementor-element-859d603 elementor-icon-list--layout-traditional elementor-list-item-link-full_width elementor-widget elementor-widget-icon-list\" data-id=\"859d603\" data-element_type=\"widget\" data-e-type=\"widget\" data-widget_type=\"icon-list.default\">\n\t\t\t\t\t\t\t<ul class=\"elementor-icon-list-items\">\n\t\t\t\t\t\t\t<li class=\"elementor-icon-list-item\">\n\t\t\t\t\t\t\t\t\t\t\t<a href=\"tel:+385993256450\" target=\"_blank\">\n\n\t\t\t\t\t\t\t\t\t\t\t\t<span class=\"elementor-icon-list-icon\">\n\t\t\t\t\t\t\t<svg xmlns=\"http:\/\/www.w3.org\/2000\/svg\" width=\"20\" height=\"20\" viewBox=\"0 0 20 20\" fill=\"none\"><path d=\"M16.2513 18.3333C16.5828 18.3333 16.9008 18.2016 17.1352 17.9672C17.3696 17.7328 17.5013 17.4149 17.5013 17.0833V14.1667C17.5013 13.8351 17.3696 13.5172 17.1352 13.2828C16.9008 13.0484 16.5828 12.9167 16.2513 12.9167C15.2763 12.9167 14.318 12.7667 13.4013 12.4583C13.1821 12.3892 12.9482 12.3813 12.7249 12.4357C12.5016 12.49 12.2975 12.6045 12.1346 12.7667L10.9346 13.9667C8.8615 12.8353 7.15762 11.1315 6.0263 9.05833L7.21797 7.86667C7.55964 7.54167 7.68464 7.05833 7.53464 6.59167C7.23464 5.68333 7.08464 4.725 7.08464 3.75C7.08464 3.41848 6.95294 3.10054 6.71852 2.86612C6.4841 2.6317 6.16616 2.5 5.83464 2.5H2.91797C2.58645 2.5 2.26851 2.6317 2.03409 2.86612C1.79966 3.10054 1.66797 3.41848 1.66797 3.75C1.66797 11.7917 8.20964 18.3333 16.2513 18.3333ZM2.91797 3.33333H5.83464C5.94514 3.33333 6.05112 3.37723 6.12926 3.45537C6.2074 3.53351 6.2513 3.63949 6.2513 3.75C6.2513 4.81667 6.41797 5.85833 6.74297 6.85C6.78464 6.96667 6.7763 7.13333 6.64297 7.26667L5.0013 8.9C6.3763 11.5917 8.39297 13.6083 11.093 15L12.718 13.3583C12.8346 13.2417 12.993 13.2083 13.143 13.25C14.143 13.5833 15.1846 13.75 16.2513 13.75C16.3618 13.75 16.4678 13.7939 16.5459 13.872C16.6241 13.9502 16.668 14.0562 16.668 14.1667V17.0833C16.668 17.1938 16.6241 17.2998 16.5459 17.378C16.4678 17.4561 16.3618 17.5 16.2513 17.5C8.66797 17.5 2.5013 11.3333 2.5013 3.75C2.5013 3.63949 2.5452 3.53351 2.62334 3.45537C2.70148 3.37723 2.80746 3.33333 2.91797 3.33333Z\" fill=\"white\"><\/path><\/svg>\t\t\t\t\t\t<\/span>\n\t\t\t\t\t\t\t\t\t\t<span class=\"elementor-icon-list-text\">+385 99 325 6450<\/span>\n\t\t\t\t\t\t\t\t\t\t\t<\/a>\n\t\t\t\t\t\t\t\t\t<\/li>\n\t\t\t\t\t\t\t\t<li class=\"elementor-icon-list-item\">\n\t\t\t\t\t\t\t\t\t\t\t<a href=\"mailto:info@drurban.hr\" target=\"_blank\">\n\n\t\t\t\t\t\t\t\t\t\t\t\t<span class=\"elementor-icon-list-icon\">\n\t\t\t\t\t\t\t<svg xmlns=\"http:\/\/www.w3.org\/2000\/svg\" width=\"20\" height=\"20\" viewBox=\"0 0 20 20\" fill=\"none\"><path d=\"M4.16797 4.16602H15.0013C15.6643 4.16602 16.3002 4.42941 16.7691 4.89825C17.2379 5.36709 17.5013 6.00297 17.5013 6.66602V14.166C17.5013 14.8291 17.2379 15.4649 16.7691 15.9338C16.3002 16.4026 15.6643 16.666 15.0013 16.666H4.16797C3.50493 16.666 2.86904 16.4026 2.4002 15.9338C1.93136 15.4649 1.66797 14.8291 1.66797 14.166V6.66602C1.66797 6.00297 1.93136 5.36709 2.4002 4.89825C2.86904 4.42941 3.50493 4.16602 4.16797 4.16602ZM4.16797 4.99935C3.7513 4.99935 3.38464 5.14102 3.1013 5.39102L9.58464 9.58268L16.068 5.39102C15.7846 5.14102 15.418 4.99935 15.0013 4.99935H4.16797ZM9.58464 10.591L2.60964 6.06602C2.54297 6.24935 2.5013 6.45768 2.5013 6.66602V14.166C2.5013 14.608 2.6769 15.032 2.98946 15.3445C3.30202 15.6571 3.72594 15.8327 4.16797 15.8327H15.0013C15.4433 15.8327 15.8673 15.6571 16.1798 15.3445C16.4924 15.032 16.668 14.608 16.668 14.166V6.66602C16.668 6.45768 16.6263 6.24935 16.5596 6.06602L9.58464 10.591Z\" fill=\"white\"><\/path><\/svg>\t\t\t\t\t\t<\/span>\n\t\t\t\t\t\t\t\t\t\t<span class=\"elementor-icon-list-text\">info@drurban.hr<\/span>\n\t\t\t\t\t\t\t\t\t\t\t<\/a>\n\t\t\t\t\t\t\t\t\t<\/li>\n\t\t\t\t\t\t\t\t<li class=\"elementor-icon-list-item\">\n\t\t\t\t\t\t\t\t\t\t\t<a href=\"https:\/\/maps.app.goo.gl\/cthkmYgJC8gysE9G6\" target=\"_blank\">\n\n\t\t\t\t\t\t\t\t\t\t\t\t<span class=\"elementor-icon-list-icon\">\n\t\t\t\t\t\t\t<svg xmlns=\"http:\/\/www.w3.org\/2000\/svg\" width=\"20\" height=\"20\" viewBox=\"0 0 20 20\" fill=\"none\"><path d=\"M10.4667 17.35C10.3307 17.4477 10.1674 17.5002 10 17.5002C9.83256 17.5002 9.66934 17.4477 9.53333 17.35C5.50917 14.4817 1.23833 8.58167 5.55583 4.31833C6.74112 3.15237 8.33736 2.49927 10 2.5C11.6667 2.5 13.2658 3.15417 14.4442 4.3175C18.7617 8.58083 14.4908 14.48 10.4667 17.35Z\" stroke=\"white\" stroke-linecap=\"round\" stroke-linejoin=\"round\"><\/path><path d=\"M10.0008 10.0003C10.4429 10.0003 10.8668 9.82473 11.1793 9.51217C11.4919 9.19961 11.6675 8.77569 11.6675 8.33366C11.6675 7.89163 11.4919 7.46771 11.1793 7.15515C10.8668 6.84259 10.4429 6.66699 10.0008 6.66699C9.55881 6.66699 9.13488 6.84259 8.82232 7.15515C8.50976 7.46771 8.33417 7.89163 8.33417 8.33366C8.33417 8.77569 8.50976 9.19961 8.82232 9.51217C9.13488 9.82473 9.55881 10.0003 10.0008 10.0003Z\" stroke=\"white\" stroke-linecap=\"round\" stroke-linejoin=\"round\"><\/path><\/svg>\t\t\t\t\t\t<\/span>\n\t\t\t\t\t\t\t\t\t\t<span class=\"elementor-icon-list-text\">Ul. Marina Tartaglie 33, 10 000 Zagreb<\/span>\n\t\t\t\t\t\t\t\t\t\t\t<\/a>\n\t\t\t\t\t\t\t\t\t<\/li>\n\t\t\t\t\t\t\t\t<li class=\"elementor-icon-list-item\">\n\t\t\t\t\t\t\t\t\t\t\t<a href=\"https:\/\/maps.app.goo.gl\/z85r814NWAEPAi6U8\" target=\"_blank\">\n\n\t\t\t\t\t\t\t\t\t\t\t\t<span class=\"elementor-icon-list-icon\">\n\t\t\t\t\t\t\t<svg xmlns=\"http:\/\/www.w3.org\/2000\/svg\" width=\"20\" height=\"20\" viewBox=\"0 0 20 20\" fill=\"none\"><path d=\"M10.4667 17.35C10.3307 17.4477 10.1674 17.5002 10 17.5002C9.83256 17.5002 9.66934 17.4477 9.53333 17.35C5.50917 14.4817 1.23833 8.58167 5.55583 4.31833C6.74112 3.15237 8.33736 2.49927 10 2.5C11.6667 2.5 13.2658 3.15417 14.4442 4.3175C18.7617 8.58083 14.4908 14.48 10.4667 17.35Z\" stroke=\"white\" stroke-linecap=\"round\" stroke-linejoin=\"round\"><\/path><path d=\"M10.0008 10.0003C10.4429 10.0003 10.8668 9.82473 11.1793 9.51217C11.4919 9.19961 11.6675 8.77569 11.6675 8.33366C11.6675 7.89163 11.4919 7.46771 11.1793 7.15515C10.8668 6.84259 10.4429 6.66699 10.0008 6.66699C9.55881 6.66699 9.13488 6.84259 8.82232 7.15515C8.50976 7.46771 8.33417 7.89163 8.33417 8.33366C8.33417 8.77569 8.50976 9.19961 8.82232 9.51217C9.13488 9.82473 9.55881 10.0003 10.0008 10.0003Z\" stroke=\"white\" stroke-linecap=\"round\" stroke-linejoin=\"round\"><\/path><\/svg>\t\t\t\t\t\t<\/span>\n\t\t\t\t\t\t\t\t\t\t<span class=\"elementor-icon-list-text\">Ilica 45, 10 000 Zagreb<\/span>\n\t\t\t\t\t\t\t\t\t\t\t<\/a>\n\t\t\t\t\t\t\t\t\t<\/li>\n\t\t\t\t\t\t<\/ul>\n\t\t\t\t\t\t<\/div>\n\t\t\t\t<\/div>\n\t\t\t\t\t<\/div>\n\t\t\t\t<\/div>\n\t\t<div class=\"elementor-element elementor-element-68a1011 e-con-full e-flex e-con e-parent\" data-id=\"68a1011\" data-element_type=\"container\" data-e-type=\"container\">\n\t\t\t\t<div class=\"elementor-element elementor-element-ef4a0fc elementor-widget elementor-widget-google_maps\" data-id=\"ef4a0fc\" data-element_type=\"widget\" data-e-type=\"widget\" data-widget_type=\"google_maps.default\">\n\t\t\t\t\t\t\t<div class=\"elementor-custom-embed\">\n\t\t\t<iframe loading=\"lazy\"\n\t\t\t\t\tsrc=\"https:\/\/maps.google.com\/maps?q=Ul.%20Marina%20Tartaglie%2033%2C%2010000%2C%20Zagreb%2C%20Hrvatska&#038;t=m&#038;z=16&#038;output=embed&#038;iwloc=near\"\n\t\t\t\t\ttitle=\"Ul. Marina Tartaglie 33, 10000, Zagreb, Hrvatska\"\n\t\t\t\t\taria-label=\"Ul. Marina Tartaglie 33, 10000, Zagreb, Hrvatska\"\n\t\t\t><\/iframe>\n\t\t<\/div>\n\t\t\t\t\t\t<\/div>\n\t\t\t\t<div class=\"elementor-element elementor-element-6014de9 elementor-widget elementor-widget-google_maps\" data-id=\"6014de9\" data-element_type=\"widget\" data-e-type=\"widget\" data-widget_type=\"google_maps.default\">\n\t\t\t\t\t\t\t<div class=\"elementor-custom-embed\">\n\t\t\t<iframe loading=\"lazy\"\n\t\t\t\t\tsrc=\"https:\/\/maps.google.com\/maps?q=Ilica%2045%2C%2010000%2C%20Zagreb%2C%20Hrvatska&#038;t=m&#038;z=16&#038;output=embed&#038;iwloc=near\"\n\t\t\t\t\ttitle=\"Ilica 45, 10000, Zagreb, Hrvatska\"\n\t\t\t\t\taria-label=\"Ilica 45, 10000, Zagreb, Hrvatska\"\n\t\t\t><\/iframe>\n\t\t<\/div>\n\t\t\t\t\t\t<\/div>\n\t\t\t\t<\/div>\n\t\t\t\t<\/div>\n\t\t","protected":false},"excerpt":{"rendered":"<p>Kontaktirajte nas Ako imate bilo kakvih pitanja, mo\u017eete nas kontaktirati, a mi \u0107emo Vam odgovoriti u najkra\u0107em mogu\u0107em roku. +385 99 325 6450 info@drurban.hr Ul. Marina Tartaglie 33, 10 000 Zagreb Ilica 45, 10 000 Zagreb<\/p>","protected":false},"author":1,"featured_media":0,"parent":0,"menu_order":0,"comment_status":"closed","ping_status":"closed","template":"","meta":{"footnotes":""},"class_list":["post-1089","page","type-page","status-publish","hentry"],"yoast_head":"<!-- This site is optimized with the Yoast SEO plugin v27.3 - https:\/\/yoast.com\/product\/yoast-seo-wordpress\/ -->\n<title>Kontakt - DR Urban - Tamo gdje stil postaje navika<\/title>\n<meta name=\"robots\" content=\"index, follow, max-snippet:-1, max-image-preview:large, max-video-preview:-1\" \/>\n<link rel=\"canonical\" href=\"https:\/\/drurban.hr\/en\/kontakt\/\" \/>\n<meta property=\"og:locale\" content=\"en_GB\" \/>\n<meta property=\"og:type\" content=\"article\" \/>\n<meta property=\"og:title\" content=\"Kontakt - DR Urban - Tamo gdje stil postaje navika\" \/>\n<meta property=\"og:description\" content=\"Kontaktirajte nas Ako imate bilo kakvih pitanja, mo\u017eete nas kontaktirati, a mi \u0107emo Vam odgovoriti u najkra\u0107em mogu\u0107em roku. +385 99 325 6450 info@drurban.hr Ul. Marina Tartaglie 33, 10 000 Zagreb Ilica 45, 10 000 Zagreb\" \/>\n<meta property=\"og:url\" content=\"https:\/\/drurban.hr\/en\/kontakt\/\" \/>\n<meta property=\"og:site_name\" content=\"DR Urban - Tamo gdje stil postaje navika\" \/>\n<meta property=\"article:modified_time\" content=\"2026-04-14T07:32:44+00:00\" \/>\n<meta name=\"twitter:card\" content=\"summary_large_image\" \/>\n<meta name=\"twitter:label1\" content=\"Estimated reading time\" \/>\n\t<meta name=\"twitter:data1\" content=\"1 minute\" \/>\n<script type=\"application\/ld+json\" class=\"yoast-schema-graph\">{\"@context\":\"https:\\\/\\\/schema.org\",\"@graph\":[{\"@type\":\"WebPage\",\"@id\":\"https:\\\/\\\/drurban.hr\\\/kontakt\\\/\",\"url\":\"https:\\\/\\\/drurban.hr\\\/kontakt\\\/\",\"name\":\"Kontakt - DR Urban - Tamo gdje stil postaje navika\",\"isPartOf\":{\"@id\":\"https:\\\/\\\/drurban.hr\\\/#website\"},\"datePublished\":\"2025-11-06T08:21:24+00:00\",\"dateModified\":\"2026-04-14T07:32:44+00:00\",\"breadcrumb\":{\"@id\":\"https:\\\/\\\/drurban.hr\\\/kontakt\\\/#breadcrumb\"},\"inLanguage\":\"en-GB\",\"potentialAction\":[{\"@type\":\"ReadAction\",\"target\":[\"https:\\\/\\\/drurban.hr\\\/kontakt\\\/\"]}]},{\"@type\":\"BreadcrumbList\",\"@id\":\"https:\\\/\\\/drurban.hr\\\/kontakt\\\/#breadcrumb\",\"itemListElement\":[{\"@type\":\"ListItem\",\"position\":1,\"name\":\"Home\",\"item\":\"https:\\\/\\\/drurban.hr\\\/\"},{\"@type\":\"ListItem\",\"position\":2,\"name\":\"Kontakt\"}]},{\"@type\":\"WebSite\",\"@id\":\"https:\\\/\\\/drurban.hr\\\/#website\",\"url\":\"https:\\\/\\\/drurban.hr\\\/\",\"name\":\"DR Urban - Tamo gdje stil postaje navika\",\"description\":\"It\u2019s Not Just Smoke. It\u2019s Culture\",\"publisher\":{\"@id\":\"https:\\\/\\\/drurban.hr\\\/#organization\"},\"alternateName\":\"DR Urban\",\"potentialAction\":[{\"@type\":\"SearchAction\",\"target\":{\"@type\":\"EntryPoint\",\"urlTemplate\":\"https:\\\/\\\/drurban.hr\\\/?s={search_term_string}\"},\"query-input\":{\"@type\":\"PropertyValueSpecification\",\"valueRequired\":true,\"valueName\":\"search_term_string\"}}],\"inLanguage\":\"en-GB\"},{\"@type\":\"Organization\",\"@id\":\"https:\\\/\\\/drurban.hr\\\/#organization\",\"name\":\"Tobacco\",\"url\":\"https:\\\/\\\/drurban.hr\\\/\",\"logo\":{\"@type\":\"ImageObject\",\"inLanguage\":\"en-GB\",\"@id\":\"https:\\\/\\\/drurban.hr\\\/#\\\/schema\\\/logo\\\/image\\\/\",\"url\":\"https:\\\/\\\/drurban.hr\\\/wp-content\\\/uploads\\\/2025\\\/10\\\/DR-URBAN-logo.svg\",\"contentUrl\":\"https:\\\/\\\/drurban.hr\\\/wp-content\\\/uploads\\\/2025\\\/10\\\/DR-URBAN-logo.svg\",\"width\":100,\"height\":100,\"caption\":\"Tobacco\"},\"image\":{\"@id\":\"https:\\\/\\\/drurban.hr\\\/#\\\/schema\\\/logo\\\/image\\\/\"}}]}<\/script>\n<!-- \/ Yoast SEO plugin. -->","yoast_head_json":{"title":"Kontakt - DR Urban - Tamo gdje stil postaje navika","robots":{"index":"index","follow":"follow","max-snippet":"max-snippet:-1","max-image-preview":"max-image-preview:large","max-video-preview":"max-video-preview:-1"},"canonical":"https:\/\/drurban.hr\/en\/kontakt\/","og_locale":"en_GB","og_type":"article","og_title":"Kontakt - DR Urban - Tamo gdje stil postaje navika","og_description":"Kontaktirajte nas Ako imate bilo kakvih pitanja, mo\u017eete nas kontaktirati, a mi \u0107emo Vam odgovoriti u najkra\u0107em mogu\u0107em roku. +385 99 325 6450 info@drurban.hr Ul. Marina Tartaglie 33, 10 000 Zagreb Ilica 45, 10 000 Zagreb","og_url":"https:\/\/drurban.hr\/en\/kontakt\/","og_site_name":"DR Urban - Tamo gdje stil postaje navika","article_modified_time":"2026-04-14T07:32:44+00:00","twitter_card":"summary_large_image","twitter_misc":{"Estimated reading time":"1 minute"},"schema":{"@context":"https:\/\/schema.org","@graph":[{"@type":"WebPage","@id":"https:\/\/drurban.hr\/kontakt\/","url":"https:\/\/drurban.hr\/kontakt\/","name":"Kontakt - DR Urban - Tamo gdje stil postaje navika","isPartOf":{"@id":"https:\/\/drurban.hr\/#website"},"datePublished":"2025-11-06T08:21:24+00:00","dateModified":"2026-04-14T07:32:44+00:00","breadcrumb":{"@id":"https:\/\/drurban.hr\/kontakt\/#breadcrumb"},"inLanguage":"en-GB","potentialAction":[{"@type":"ReadAction","target":["https:\/\/drurban.hr\/kontakt\/"]}]},{"@type":"BreadcrumbList","@id":"https:\/\/drurban.hr\/kontakt\/#breadcrumb","itemListElement":[{"@type":"ListItem","position":1,"name":"Home","item":"https:\/\/drurban.hr\/"},{"@type":"ListItem","position":2,"name":"Kontakt"}]},{"@type":"WebSite","@id":"https:\/\/drurban.hr\/#website","url":"https:\/\/drurban.hr\/","name":"DR Urban - Tamo gdje stil postaje navika","description":"It\u2019s Not Just Smoke. It\u2019s Culture","publisher":{"@id":"https:\/\/drurban.hr\/#organization"},"alternateName":"DR Urban","potentialAction":[{"@type":"SearchAction","target":{"@type":"EntryPoint","urlTemplate":"https:\/\/drurban.hr\/?s={search_term_string}"},"query-input":{"@type":"PropertyValueSpecification","valueRequired":true,"valueName":"search_term_string"}}],"inLanguage":"en-GB"},{"@type":"Organization","@id":"https:\/\/drurban.hr\/#organization","name":"Tobacco","url":"https:\/\/drurban.hr\/","logo":{"@type":"ImageObject","inLanguage":"en-GB","@id":"https:\/\/drurban.hr\/#\/schema\/logo\/image\/","url":"https:\/\/drurban.hr\/wp-content\/uploads\/2025\/10\/DR-URBAN-logo.svg","contentUrl":"https:\/\/drurban.hr\/wp-content\/uploads\/2025\/10\/DR-URBAN-logo.svg","width":100,"height":100,"caption":"Tobacco"},"image":{"@id":"https:\/\/drurban.hr\/#\/schema\/logo\/image\/"}}]}},"_links":{"self":[{"href":"https:\/\/drurban.hr\/en\/wp-json\/wp\/v2\/pages\/1089","targetHints":{"allow":["GET"]}}],"collection":[{"href":"https:\/\/drurban.hr\/en\/wp-json\/wp\/v2\/pages"}],"about":[{"href":"https:\/\/drurban.hr\/en\/wp-json\/wp\/v2\/types\/page"}],"author":[{"embeddable":true,"href":"https:\/\/drurban.hr\/en\/wp-json\/wp\/v2\/users\/1"}],"replies":[{"embeddable":true,"href":"https:\/\/drurban.hr\/en\/wp-json\/wp\/v2\/comments?post=1089"}],"version-history":[{"count":3,"href":"https:\/\/drurban.hr\/en\/wp-json\/wp\/v2\/pages\/1089\/revisions"}],"predecessor-version":[{"id":5911,"href":"https:\/\/drurban.hr\/en\/wp-json\/wp\/v2\/pages\/1089\/revisions\/5911"}],"wp:attachment":[{"href":"https:\/\/drurban.hr\/en\/wp-json\/wp\/v2\/media?parent=1089"}],"curies":[{"name":"wp","href":"https:\/\/api.w.org\/{rel}","templated":true}]}}